{"id":37286,"date":"2025-04-11T11:55:53","date_gmt":"2025-04-11T11:55:53","guid":{"rendered":"https:\/\/trendfurniture.ee\/?post_type=product&#038;p=37286"},"modified":"2025-04-11T11:55:53","modified_gmt":"2025-04-11T11:55:53","slug":"kapp-3","status":"publish","type":"product","link":"https:\/\/trendfurniture.ee\/en\/product\/kapp-3\/","title":{"rendered":"Kapp"},"content":{"rendered":"","protected":false},"excerpt":{"rendered":"<p>Heas korras, antiikne riiul\/kapp, m\u00f5\u00f5tudega: 147 x 33, k\u00f5rgus 113<\/p>\n<p>V\u00f5tmed olemas, lukud toimivad.<\/p>\n<p>Hind: 288.-<\/p>","protected":false},"featured_media":37287,"template":"","meta":{"_acf_changed":false},"product_brand":[],"product_cat":[59,126],"product_tag":[],"class_list":{"0":"post-37286","1":"product","2":"type-product","3":"status-publish","4":"has-post-thumbnail","6":"product_cat-antiik-kapid-kummutid","7":"product_cat-kummutid-kapid","9":"first","10":"instock","11":"shipping-taxable","12":"purchasable","13":"product-type-simple"},"acf":[],"_links":{"self":[{"href":"https:\/\/trendfurniture.ee\/en\/wp-json\/wp\/v2\/product\/37286","targetHints":{"allow":["GET"]}}],"collection":[{"href":"https:\/\/trendfurniture.ee\/en\/wp-json\/wp\/v2\/product"}],"about":[{"href":"https:\/\/trendfurniture.ee\/en\/wp-json\/wp\/v2\/types\/product"}],"wp:featuredmedia":[{"embeddable":true,"href":"https:\/\/trendfurniture.ee\/en\/wp-json\/wp\/v2\/media\/37287"}],"wp:attachment":[{"href":"https:\/\/trendfurniture.ee\/en\/wp-json\/wp\/v2\/media?parent=37286"}],"wp:term":[{"taxonomy":"product_brand","embeddable":true,"href":"https:\/\/trendfurniture.ee\/en\/wp-json\/wp\/v2\/product_brand?post=37286"},{"taxonomy":"product_cat","embeddable":true,"href":"https:\/\/trendfurniture.ee\/en\/wp-json\/wp\/v2\/product_cat?post=37286"},{"taxonomy":"product_tag","embeddable":true,"href":"https:\/\/trendfurniture.ee\/en\/wp-json\/wp\/v2\/product_tag?post=37286"}],"curies":[{"name":"wp","href":"https:\/\/api.w.org\/{rel}","templated":true}]}}