{"id":37055,"date":"2025-03-22T11:12:48","date_gmt":"2025-03-22T11:12:48","guid":{"rendered":"https:\/\/trendfurniture.ee\/?post_type=product&#038;p=37055"},"modified":"2025-03-22T11:12:48","modified_gmt":"2025-03-22T11:12:48","slug":"kummut-5","status":"publish","type":"product","link":"https:\/\/trendfurniture.ee\/en\/product\/kummut-5\/","title":{"rendered":"Kummut"},"content":{"rendered":"","protected":false},"excerpt":{"rendered":"<p>UUS, t\u00e4ispuidust kummut, m\u00f5\u00f5tudega: 65 x 47, k\u00f5rgus 127<\/p>","protected":false},"featured_media":37056,"template":"","meta":{"_acf_changed":false},"product_brand":[],"product_cat":[126],"product_tag":[],"class_list":{"0":"post-37055","1":"product","2":"type-product","3":"status-publish","4":"has-post-thumbnail","6":"product_cat-kummutid-kapid","8":"first","9":"instock","10":"shipping-taxable","11":"purchasable","12":"product-type-simple"},"acf":[],"_links":{"self":[{"href":"https:\/\/trendfurniture.ee\/en\/wp-json\/wp\/v2\/product\/37055","targetHints":{"allow":["GET"]}}],"collection":[{"href":"https:\/\/trendfurniture.ee\/en\/wp-json\/wp\/v2\/product"}],"about":[{"href":"https:\/\/trendfurniture.ee\/en\/wp-json\/wp\/v2\/types\/product"}],"wp:featuredmedia":[{"embeddable":true,"href":"https:\/\/trendfurniture.ee\/en\/wp-json\/wp\/v2\/media\/37056"}],"wp:attachment":[{"href":"https:\/\/trendfurniture.ee\/en\/wp-json\/wp\/v2\/media?parent=37055"}],"wp:term":[{"taxonomy":"product_brand","embeddable":true,"href":"https:\/\/trendfurniture.ee\/en\/wp-json\/wp\/v2\/product_brand?post=37055"},{"taxonomy":"product_cat","embeddable":true,"href":"https:\/\/trendfurniture.ee\/en\/wp-json\/wp\/v2\/product_cat?post=37055"},{"taxonomy":"product_tag","embeddable":true,"href":"https:\/\/trendfurniture.ee\/en\/wp-json\/wp\/v2\/product_tag?post=37055"}],"curies":[{"name":"wp","href":"https:\/\/api.w.org\/{rel}","templated":true}]}}