{"id":37012,"date":"2025-03-19T15:19:52","date_gmt":"2025-03-19T15:19:52","guid":{"rendered":"https:\/\/trendfurniture.ee\/?post_type=product&#038;p=37012"},"modified":"2025-03-19T15:19:52","modified_gmt":"2025-03-19T15:19:52","slug":"voodiraam-2","status":"publish","type":"product","link":"https:\/\/trendfurniture.ee\/en\/product\/voodiraam-2\/","title":{"rendered":"Voodiraam"},"content":{"rendered":"","protected":false},"excerpt":{"rendered":"<p>Heas korras, antiikne voodiraam 130 x 195 madratsile.<br \/>\nVoodi m\u00f5\u00f5dud: 203 x 145, p\u00e4ise k\u00f5rgus 143, jalutsi k\u00f5rgus 94<br \/>\nVoodip\u00f5hi puudu.<br \/>\nHind: 159.-<\/p>","protected":false},"featured_media":37013,"template":"","meta":{"_acf_changed":false},"product_brand":[],"product_cat":[73,229],"product_tag":[],"class_list":{"0":"post-37012","1":"product","2":"type-product","3":"status-publish","4":"has-post-thumbnail","6":"product_cat-voodid","7":"product_cat-voodid-kusetid","9":"first","10":"instock","11":"shipping-taxable","12":"purchasable","13":"product-type-simple"},"acf":[],"_links":{"self":[{"href":"https:\/\/trendfurniture.ee\/en\/wp-json\/wp\/v2\/product\/37012","targetHints":{"allow":["GET"]}}],"collection":[{"href":"https:\/\/trendfurniture.ee\/en\/wp-json\/wp\/v2\/product"}],"about":[{"href":"https:\/\/trendfurniture.ee\/en\/wp-json\/wp\/v2\/types\/product"}],"wp:featuredmedia":[{"embeddable":true,"href":"https:\/\/trendfurniture.ee\/en\/wp-json\/wp\/v2\/media\/37013"}],"wp:attachment":[{"href":"https:\/\/trendfurniture.ee\/en\/wp-json\/wp\/v2\/media?parent=37012"}],"wp:term":[{"taxonomy":"product_brand","embeddable":true,"href":"https:\/\/trendfurniture.ee\/en\/wp-json\/wp\/v2\/product_brand?post=37012"},{"taxonomy":"product_cat","embeddable":true,"href":"https:\/\/trendfurniture.ee\/en\/wp-json\/wp\/v2\/product_cat?post=37012"},{"taxonomy":"product_tag","embeddable":true,"href":"https:\/\/trendfurniture.ee\/en\/wp-json\/wp\/v2\/product_tag?post=37012"}],"curies":[{"name":"wp","href":"https:\/\/api.w.org\/{rel}","templated":true}]}}