{"id":36951,"date":"2025-03-13T09:45:36","date_gmt":"2025-03-13T09:45:36","guid":{"rendered":"https:\/\/trendfurniture.ee\/?post_type=product&#038;p=36951"},"modified":"2025-03-13T09:45:36","modified_gmt":"2025-03-13T09:45:36","slug":"sapoli-tumeda-moobli-hooldusvahend-250-ml","status":"publish","type":"product","link":"https:\/\/trendfurniture.ee\/en\/product\/sapoli-tumeda-moobli-hooldusvahend-250-ml\/","title":{"rendered":"Sapoli tumeda m\u00f6\u00f6bli hooldusvahend 250 ml"},"content":{"rendered":"","protected":false},"excerpt":{"rendered":"<p>Eemaldab vee-, veini-, kohvi jt. plekid, samuti p\u00e4ikesevalguse poolt p\u00f5hjustatud pleekimise.<\/p>\n<p>Katab ja muudab m\u00e4rkamatuks kerged kriimustused.<\/p>\n<p>Taastab m\u00f6\u00f6bli originaall\u00e4ike ja tekstuuri.<\/p>","protected":false},"featured_media":36952,"template":"","meta":{"_acf_changed":false},"product_brand":[],"product_cat":[74,59,239,56,240,242,99,107,73],"product_tag":[],"class_list":{"0":"post-36951","1":"product","2":"type-product","3":"status-publish","4":"has-post-thumbnail","6":"product_cat-diivanid-tugitoolid","7":"product_cat-antiik-kapid-kummutid","8":"product_cat-kirjutuslauad-ja-peeglilauad","9":"product_cat-lauad-lauakomplektid","10":"product_cat-ookapid-antiikmoobel","11":"product_cat-riidekapid-antiikmoobel","12":"product_cat-toolid-ja-pingid","13":"product_cat-sooginoud-serviisid","14":"product_cat-voodid","16":"first","17":"instock","18":"shipping-taxable","19":"purchasable","20":"product-type-simple"},"acf":[],"_links":{"self":[{"href":"https:\/\/trendfurniture.ee\/en\/wp-json\/wp\/v2\/product\/36951","targetHints":{"allow":["GET"]}}],"collection":[{"href":"https:\/\/trendfurniture.ee\/en\/wp-json\/wp\/v2\/product"}],"about":[{"href":"https:\/\/trendfurniture.ee\/en\/wp-json\/wp\/v2\/types\/product"}],"wp:featuredmedia":[{"embeddable":true,"href":"https:\/\/trendfurniture.ee\/en\/wp-json\/wp\/v2\/media\/36952"}],"wp:attachment":[{"href":"https:\/\/trendfurniture.ee\/en\/wp-json\/wp\/v2\/media?parent=36951"}],"wp:term":[{"taxonomy":"product_brand","embeddable":true,"href":"https:\/\/trendfurniture.ee\/en\/wp-json\/wp\/v2\/product_brand?post=36951"},{"taxonomy":"product_cat","embeddable":true,"href":"https:\/\/trendfurniture.ee\/en\/wp-json\/wp\/v2\/product_cat?post=36951"},{"taxonomy":"product_tag","embeddable":true,"href":"https:\/\/trendfurniture.ee\/en\/wp-json\/wp\/v2\/product_tag?post=36951"}],"curies":[{"name":"wp","href":"https:\/\/api.w.org\/{rel}","templated":true}]}}