{"id":36897,"date":"2025-03-03T12:13:28","date_gmt":"2025-03-03T12:13:28","guid":{"rendered":"https:\/\/trendfurniture.ee\/?post_type=product&#038;p=36897"},"modified":"2025-03-03T12:13:28","modified_gmt":"2025-03-03T12:13:28","slug":"riiul","status":"publish","type":"product","link":"https:\/\/trendfurniture.ee\/en\/product\/riiul\/","title":{"rendered":"Riiul"},"content":{"rendered":"","protected":false},"excerpt":{"rendered":"<p>UUS riiul, m\u00f5\u00f5tudega: 64 x 31, k\u00f5rgus 136<\/p>","protected":false},"featured_media":36898,"template":"","meta":{"_acf_changed":false},"product_brand":[],"product_cat":[241],"product_tag":[],"class_list":{"0":"post-36897","1":"product","2":"type-product","3":"status-publish","4":"has-post-thumbnail","6":"product_cat-riiulid","8":"first","9":"instock","10":"shipping-taxable","11":"purchasable","12":"product-type-simple"},"acf":[],"_links":{"self":[{"href":"https:\/\/trendfurniture.ee\/en\/wp-json\/wp\/v2\/product\/36897","targetHints":{"allow":["GET"]}}],"collection":[{"href":"https:\/\/trendfurniture.ee\/en\/wp-json\/wp\/v2\/product"}],"about":[{"href":"https:\/\/trendfurniture.ee\/en\/wp-json\/wp\/v2\/types\/product"}],"wp:featuredmedia":[{"embeddable":true,"href":"https:\/\/trendfurniture.ee\/en\/wp-json\/wp\/v2\/media\/36898"}],"wp:attachment":[{"href":"https:\/\/trendfurniture.ee\/en\/wp-json\/wp\/v2\/media?parent=36897"}],"wp:term":[{"taxonomy":"product_brand","embeddable":true,"href":"https:\/\/trendfurniture.ee\/en\/wp-json\/wp\/v2\/product_brand?post=36897"},{"taxonomy":"product_cat","embeddable":true,"href":"https:\/\/trendfurniture.ee\/en\/wp-json\/wp\/v2\/product_cat?post=36897"},{"taxonomy":"product_tag","embeddable":true,"href":"https:\/\/trendfurniture.ee\/en\/wp-json\/wp\/v2\/product_tag?post=36897"}],"curies":[{"name":"wp","href":"https:\/\/api.w.org\/{rel}","templated":true}]}}