{"id":36466,"date":"2025-01-22T17:16:59","date_gmt":"2025-01-22T17:16:59","guid":{"rendered":"https:\/\/trendfurniture.ee\/?post_type=product&#038;p=36466"},"modified":"2025-07-31T10:33:11","modified_gmt":"2025-07-31T10:33:11","slug":"puhvetkapid","status":"publish","type":"product","link":"https:\/\/trendfurniture.ee\/en\/product\/puhvetkapid\/","title":{"rendered":"Puhvetkapid"},"content":{"rendered":"","protected":false},"excerpt":{"rendered":"<p>M\u00fc\u00fca korralikud, antiiksed puhvetkapid, m\u00f5\u00f5tudega: 120 x 53, k\u00f5rgus 215<br \/>\nKapid vajaksid natuke nokitsemist.<br \/>\nKomplekti hind: 999.-<br \/>\n\u00dchekaupa 599.- tk.<\/p>","protected":false},"featured_media":37850,"template":"","meta":{"_acf_changed":false},"product_brand":[],"product_cat":[107],"product_tag":[],"class_list":{"0":"post-36466","1":"product","2":"type-product","3":"status-publish","4":"has-post-thumbnail","6":"product_cat-sooginoud-serviisid","8":"first","9":"instock","10":"sale","11":"shipping-taxable","12":"purchasable","13":"product-type-simple"},"acf":[],"_links":{"self":[{"href":"https:\/\/trendfurniture.ee\/en\/wp-json\/wp\/v2\/product\/36466","targetHints":{"allow":["GET"]}}],"collection":[{"href":"https:\/\/trendfurniture.ee\/en\/wp-json\/wp\/v2\/product"}],"about":[{"href":"https:\/\/trendfurniture.ee\/en\/wp-json\/wp\/v2\/types\/product"}],"wp:featuredmedia":[{"embeddable":true,"href":"https:\/\/trendfurniture.ee\/en\/wp-json\/wp\/v2\/media\/37850"}],"wp:attachment":[{"href":"https:\/\/trendfurniture.ee\/en\/wp-json\/wp\/v2\/media?parent=36466"}],"wp:term":[{"taxonomy":"product_brand","embeddable":true,"href":"https:\/\/trendfurniture.ee\/en\/wp-json\/wp\/v2\/product_brand?post=36466"},{"taxonomy":"product_cat","embeddable":true,"href":"https:\/\/trendfurniture.ee\/en\/wp-json\/wp\/v2\/product_cat?post=36466"},{"taxonomy":"product_tag","embeddable":true,"href":"https:\/\/trendfurniture.ee\/en\/wp-json\/wp\/v2\/product_tag?post=36466"}],"curies":[{"name":"wp","href":"https:\/\/api.w.org\/{rel}","templated":true}]}}