{"id":36428,"date":"2025-01-18T11:34:13","date_gmt":"2025-01-18T11:34:13","guid":{"rendered":"https:\/\/trendfurniture.ee\/?post_type=product&#038;p=36428"},"modified":"2025-10-09T06:48:28","modified_gmt":"2025-10-09T06:48:28","slug":"tumbad","status":"publish","type":"product","link":"https:\/\/trendfurniture.ee\/en\/product\/tumbad\/","title":{"rendered":"Tumbad"},"content":{"rendered":"","protected":false},"excerpt":{"rendered":"<p>Kasutatud, t\u00e4isnahast tumbad, m\u00f5\u00f5tudega: 61 x 42, k\u00f5rgus 44.<br \/>\nSaadaval 5 + tk.<br \/>\nEsineb kasutusj\u00e4lgi.<br \/>\nHind: 15.- tk.<\/p>","protected":false},"featured_media":36429,"template":"","meta":{"_acf_changed":false},"product_brand":[],"product_cat":[122],"product_tag":[],"class_list":{"0":"post-36428","1":"product","2":"type-product","3":"status-publish","4":"has-post-thumbnail","6":"product_cat-jarid-tumbad","8":"first","9":"instock","10":"sale","11":"shipping-taxable","12":"purchasable","13":"product-type-simple"},"acf":[],"_links":{"self":[{"href":"https:\/\/trendfurniture.ee\/en\/wp-json\/wp\/v2\/product\/36428","targetHints":{"allow":["GET"]}}],"collection":[{"href":"https:\/\/trendfurniture.ee\/en\/wp-json\/wp\/v2\/product"}],"about":[{"href":"https:\/\/trendfurniture.ee\/en\/wp-json\/wp\/v2\/types\/product"}],"wp:featuredmedia":[{"embeddable":true,"href":"https:\/\/trendfurniture.ee\/en\/wp-json\/wp\/v2\/media\/36429"}],"wp:attachment":[{"href":"https:\/\/trendfurniture.ee\/en\/wp-json\/wp\/v2\/media?parent=36428"}],"wp:term":[{"taxonomy":"product_brand","embeddable":true,"href":"https:\/\/trendfurniture.ee\/en\/wp-json\/wp\/v2\/product_brand?post=36428"},{"taxonomy":"product_cat","embeddable":true,"href":"https:\/\/trendfurniture.ee\/en\/wp-json\/wp\/v2\/product_cat?post=36428"},{"taxonomy":"product_tag","embeddable":true,"href":"https:\/\/trendfurniture.ee\/en\/wp-json\/wp\/v2\/product_tag?post=36428"}],"curies":[{"name":"wp","href":"https:\/\/api.w.org\/{rel}","templated":true}]}}