{"id":36206,"date":"2024-12-06T14:05:39","date_gmt":"2024-12-06T14:05:39","guid":{"rendered":"https:\/\/trendfurniture.ee\/?post_type=product&#038;p=36206"},"modified":"2024-12-06T14:05:39","modified_gmt":"2024-12-06T14:05:39","slug":"laternate-komplekt","status":"publish","type":"product","link":"https:\/\/trendfurniture.ee\/en\/product\/laternate-komplekt\/","title":{"rendered":"Laternate komplekt"},"content":{"rendered":"","protected":false},"excerpt":{"rendered":"<p>UUS laternate komplekt.<br \/>\nM\u00f5\u00f5dud: suurem 15 x 15, k\u00f5rgus 48<br \/>\n                v\u00e4iksem 12 x 12, k\u00f5rgus 36<br \/>\nKomplekti hind: 35.-<\/p>","protected":false},"featured_media":36207,"template":"","meta":{"_acf_changed":false},"product_brand":[],"product_cat":[113],"product_tag":[],"class_list":{"0":"post-36206","1":"product","2":"type-product","3":"status-publish","4":"has-post-thumbnail","6":"product_cat-pudi-padi","8":"first","9":"instock","10":"shipping-taxable","11":"purchasable","12":"product-type-simple"},"acf":[],"_links":{"self":[{"href":"https:\/\/trendfurniture.ee\/en\/wp-json\/wp\/v2\/product\/36206","targetHints":{"allow":["GET"]}}],"collection":[{"href":"https:\/\/trendfurniture.ee\/en\/wp-json\/wp\/v2\/product"}],"about":[{"href":"https:\/\/trendfurniture.ee\/en\/wp-json\/wp\/v2\/types\/product"}],"wp:featuredmedia":[{"embeddable":true,"href":"https:\/\/trendfurniture.ee\/en\/wp-json\/wp\/v2\/media\/36207"}],"wp:attachment":[{"href":"https:\/\/trendfurniture.ee\/en\/wp-json\/wp\/v2\/media?parent=36206"}],"wp:term":[{"taxonomy":"product_brand","embeddable":true,"href":"https:\/\/trendfurniture.ee\/en\/wp-json\/wp\/v2\/product_brand?post=36206"},{"taxonomy":"product_cat","embeddable":true,"href":"https:\/\/trendfurniture.ee\/en\/wp-json\/wp\/v2\/product_cat?post=36206"},{"taxonomy":"product_tag","embeddable":true,"href":"https:\/\/trendfurniture.ee\/en\/wp-json\/wp\/v2\/product_tag?post=36206"}],"curies":[{"name":"wp","href":"https:\/\/api.w.org\/{rel}","templated":true}]}}