{"id":36148,"date":"2024-12-05T08:39:17","date_gmt":"2024-12-05T08:39:17","guid":{"rendered":"https:\/\/trendfurniture.ee\/?post_type=product&#038;p=36148"},"modified":"2024-12-05T08:39:17","modified_gmt":"2024-12-05T08:39:17","slug":"kuunlaalused-3","status":"publish","type":"product","link":"https:\/\/trendfurniture.ee\/en\/product\/kuunlaalused-3\/","title":{"rendered":"K\u00fc\u00fcnlaalused"},"content":{"rendered":"","protected":false},"excerpt":{"rendered":"<p>UUED k\u00fc\u00fcnlaalused, m\u00f5\u00f5tudega: 10 x 10, k\u00f5rgus 10<br \/>\nSaadaval 20 + tk.<br \/>\nHind: 2.80 tk.<\/p>","protected":false},"featured_media":36149,"template":"","meta":{"_acf_changed":false},"product_brand":[],"product_cat":[113],"product_tag":[],"class_list":{"0":"post-36148","1":"product","2":"type-product","3":"status-publish","4":"has-post-thumbnail","6":"product_cat-pudi-padi","8":"first","9":"instock","10":"shipping-taxable","11":"purchasable","12":"product-type-simple"},"acf":[],"_links":{"self":[{"href":"https:\/\/trendfurniture.ee\/en\/wp-json\/wp\/v2\/product\/36148","targetHints":{"allow":["GET"]}}],"collection":[{"href":"https:\/\/trendfurniture.ee\/en\/wp-json\/wp\/v2\/product"}],"about":[{"href":"https:\/\/trendfurniture.ee\/en\/wp-json\/wp\/v2\/types\/product"}],"wp:featuredmedia":[{"embeddable":true,"href":"https:\/\/trendfurniture.ee\/en\/wp-json\/wp\/v2\/media\/36149"}],"wp:attachment":[{"href":"https:\/\/trendfurniture.ee\/en\/wp-json\/wp\/v2\/media?parent=36148"}],"wp:term":[{"taxonomy":"product_brand","embeddable":true,"href":"https:\/\/trendfurniture.ee\/en\/wp-json\/wp\/v2\/product_brand?post=36148"},{"taxonomy":"product_cat","embeddable":true,"href":"https:\/\/trendfurniture.ee\/en\/wp-json\/wp\/v2\/product_cat?post=36148"},{"taxonomy":"product_tag","embeddable":true,"href":"https:\/\/trendfurniture.ee\/en\/wp-json\/wp\/v2\/product_tag?post=36148"}],"curies":[{"name":"wp","href":"https:\/\/api.w.org\/{rel}","templated":true}]}}