{"id":36119,"date":"2024-11-20T11:30:55","date_gmt":"2024-11-20T11:30:55","guid":{"rendered":"https:\/\/trendfurniture.ee\/?post_type=product&#038;p=36119"},"modified":"2024-11-20T11:30:55","modified_gmt":"2024-11-20T11:30:55","slug":"punutud-dekoratsioonid","status":"publish","type":"product","link":"https:\/\/trendfurniture.ee\/en\/product\/punutud-dekoratsioonid\/","title":{"rendered":"Punutud dekoratsioonid"},"content":{"rendered":"","protected":false},"excerpt":{"rendered":"<p>UUED punutud dekoratsioonid.<br \/>\nPikkus 60-70 cm.<br \/>\nSaadaval erinevad toonid.<br \/>\nSaadaval 100 + tk.<br \/>\nHind: 1.50 tk. (\u00dche n\u00f6\u00f6ri komplekt)<\/p>","protected":false},"featured_media":36120,"template":"","meta":{"_acf_changed":false},"product_brand":[],"product_cat":[113],"product_tag":[],"class_list":{"0":"post-36119","1":"product","2":"type-product","3":"status-publish","4":"has-post-thumbnail","6":"product_cat-pudi-padi","8":"first","9":"instock","10":"shipping-taxable","11":"purchasable","12":"product-type-simple"},"acf":[],"_links":{"self":[{"href":"https:\/\/trendfurniture.ee\/en\/wp-json\/wp\/v2\/product\/36119","targetHints":{"allow":["GET"]}}],"collection":[{"href":"https:\/\/trendfurniture.ee\/en\/wp-json\/wp\/v2\/product"}],"about":[{"href":"https:\/\/trendfurniture.ee\/en\/wp-json\/wp\/v2\/types\/product"}],"wp:featuredmedia":[{"embeddable":true,"href":"https:\/\/trendfurniture.ee\/en\/wp-json\/wp\/v2\/media\/36120"}],"wp:attachment":[{"href":"https:\/\/trendfurniture.ee\/en\/wp-json\/wp\/v2\/media?parent=36119"}],"wp:term":[{"taxonomy":"product_brand","embeddable":true,"href":"https:\/\/trendfurniture.ee\/en\/wp-json\/wp\/v2\/product_brand?post=36119"},{"taxonomy":"product_cat","embeddable":true,"href":"https:\/\/trendfurniture.ee\/en\/wp-json\/wp\/v2\/product_cat?post=36119"},{"taxonomy":"product_tag","embeddable":true,"href":"https:\/\/trendfurniture.ee\/en\/wp-json\/wp\/v2\/product_tag?post=36119"}],"curies":[{"name":"wp","href":"https:\/\/api.w.org\/{rel}","templated":true}]}}