{"id":36040,"date":"2024-11-14T11:03:28","date_gmt":"2024-11-14T11:03:28","guid":{"rendered":"https:\/\/trendfurniture.ee\/?post_type=product&#038;p=36040"},"modified":"2024-11-14T11:03:28","modified_gmt":"2024-11-14T11:03:28","slug":"nagidega-peegel","status":"publish","type":"product","link":"https:\/\/trendfurniture.ee\/en\/product\/nagidega-peegel\/","title":{"rendered":"Nagidega peegel"},"content":{"rendered":"","protected":false},"excerpt":{"rendered":"<p>M\u00fc\u00fca kasutatud, heas korras nagidega peeglid, m\u00f5\u00f5tudega: 42 x 160.<br \/>\nSaadaval m\u00f5lemapoolsena.<br \/>\nSaadaval 20 + tk.<br \/>\nHind: 10.- tk.<\/p>","protected":false},"featured_media":36041,"template":"","meta":{"_acf_changed":false},"product_brand":[],"product_cat":[169],"product_tag":[],"class_list":{"0":"post-36040","1":"product","2":"type-product","3":"status-publish","4":"has-post-thumbnail","6":"product_cat-peeglid","8":"first","9":"instock","10":"shipping-taxable","11":"purchasable","12":"product-type-simple"},"acf":[],"_links":{"self":[{"href":"https:\/\/trendfurniture.ee\/en\/wp-json\/wp\/v2\/product\/36040","targetHints":{"allow":["GET"]}}],"collection":[{"href":"https:\/\/trendfurniture.ee\/en\/wp-json\/wp\/v2\/product"}],"about":[{"href":"https:\/\/trendfurniture.ee\/en\/wp-json\/wp\/v2\/types\/product"}],"wp:featuredmedia":[{"embeddable":true,"href":"https:\/\/trendfurniture.ee\/en\/wp-json\/wp\/v2\/media\/36041"}],"wp:attachment":[{"href":"https:\/\/trendfurniture.ee\/en\/wp-json\/wp\/v2\/media?parent=36040"}],"wp:term":[{"taxonomy":"product_brand","embeddable":true,"href":"https:\/\/trendfurniture.ee\/en\/wp-json\/wp\/v2\/product_brand?post=36040"},{"taxonomy":"product_cat","embeddable":true,"href":"https:\/\/trendfurniture.ee\/en\/wp-json\/wp\/v2\/product_cat?post=36040"},{"taxonomy":"product_tag","embeddable":true,"href":"https:\/\/trendfurniture.ee\/en\/wp-json\/wp\/v2\/product_tag?post=36040"}],"curies":[{"name":"wp","href":"https:\/\/api.w.org\/{rel}","templated":true}]}}