{"id":35820,"date":"2024-10-10T08:42:30","date_gmt":"2024-10-10T08:42:30","guid":{"rendered":"https:\/\/trendfurniture.ee\/?post_type=product&#038;p=35820"},"modified":"2024-10-10T08:42:30","modified_gmt":"2024-10-10T08:42:30","slug":"riiulitega-peegel-2","status":"publish","type":"product","link":"https:\/\/trendfurniture.ee\/en\/product\/riiulitega-peegel-2\/","title":{"rendered":"Riiulitega peegel"},"content":{"rendered":"","protected":false},"excerpt":{"rendered":"<p>UUS riiulitega peegel, l\u00e4bim\u00f5\u00f5dudga: 78<br \/>\nSaadaval 5 + tk.<br \/>\nHind: 22.-<\/p>","protected":false},"featured_media":35821,"template":"","meta":{"_acf_changed":false},"product_brand":[],"product_cat":[169],"product_tag":[],"class_list":{"0":"post-35820","1":"product","2":"type-product","3":"status-publish","4":"has-post-thumbnail","6":"product_cat-peeglid","8":"first","9":"instock","10":"shipping-taxable","11":"purchasable","12":"product-type-simple"},"acf":[],"_links":{"self":[{"href":"https:\/\/trendfurniture.ee\/en\/wp-json\/wp\/v2\/product\/35820","targetHints":{"allow":["GET"]}}],"collection":[{"href":"https:\/\/trendfurniture.ee\/en\/wp-json\/wp\/v2\/product"}],"about":[{"href":"https:\/\/trendfurniture.ee\/en\/wp-json\/wp\/v2\/types\/product"}],"wp:featuredmedia":[{"embeddable":true,"href":"https:\/\/trendfurniture.ee\/en\/wp-json\/wp\/v2\/media\/35821"}],"wp:attachment":[{"href":"https:\/\/trendfurniture.ee\/en\/wp-json\/wp\/v2\/media?parent=35820"}],"wp:term":[{"taxonomy":"product_brand","embeddable":true,"href":"https:\/\/trendfurniture.ee\/en\/wp-json\/wp\/v2\/product_brand?post=35820"},{"taxonomy":"product_cat","embeddable":true,"href":"https:\/\/trendfurniture.ee\/en\/wp-json\/wp\/v2\/product_cat?post=35820"},{"taxonomy":"product_tag","embeddable":true,"href":"https:\/\/trendfurniture.ee\/en\/wp-json\/wp\/v2\/product_tag?post=35820"}],"curies":[{"name":"wp","href":"https:\/\/api.w.org\/{rel}","templated":true}]}}