{"id":35677,"date":"2024-09-13T09:45:36","date_gmt":"2024-09-13T09:45:36","guid":{"rendered":"https:\/\/trendfurniture.ee\/?post_type=product&#038;p=35677"},"modified":"2025-03-13T09:21:11","modified_gmt":"2025-03-13T09:21:11","slug":"riiul-kapp-2","status":"publish","type":"product","link":"https:\/\/trendfurniture.ee\/en\/product\/riiul-kapp-2\/","title":{"rendered":"Riiul\/Kapp"},"content":{"rendered":"","protected":false},"excerpt":{"rendered":"<p>Kasutatud, heas korras riiul\/kapp, m\u00f5\u00f5tudega: 87 x 59, k\u00f5rgus 47<\/p>","protected":false},"featured_media":35678,"template":"","meta":{"_acf_changed":false},"product_brand":[],"product_cat":[126],"product_tag":[],"class_list":{"0":"post-35677","1":"product","2":"type-product","3":"status-publish","4":"has-post-thumbnail","6":"product_cat-kummutid-kapid","8":"first","9":"instock","10":"sale","11":"shipping-taxable","12":"purchasable","13":"product-type-simple"},"acf":[],"_links":{"self":[{"href":"https:\/\/trendfurniture.ee\/en\/wp-json\/wp\/v2\/product\/35677","targetHints":{"allow":["GET"]}}],"collection":[{"href":"https:\/\/trendfurniture.ee\/en\/wp-json\/wp\/v2\/product"}],"about":[{"href":"https:\/\/trendfurniture.ee\/en\/wp-json\/wp\/v2\/types\/product"}],"wp:featuredmedia":[{"embeddable":true,"href":"https:\/\/trendfurniture.ee\/en\/wp-json\/wp\/v2\/media\/35678"}],"wp:attachment":[{"href":"https:\/\/trendfurniture.ee\/en\/wp-json\/wp\/v2\/media?parent=35677"}],"wp:term":[{"taxonomy":"product_brand","embeddable":true,"href":"https:\/\/trendfurniture.ee\/en\/wp-json\/wp\/v2\/product_brand?post=35677"},{"taxonomy":"product_cat","embeddable":true,"href":"https:\/\/trendfurniture.ee\/en\/wp-json\/wp\/v2\/product_cat?post=35677"},{"taxonomy":"product_tag","embeddable":true,"href":"https:\/\/trendfurniture.ee\/en\/wp-json\/wp\/v2\/product_tag?post=35677"}],"curies":[{"name":"wp","href":"https:\/\/api.w.org\/{rel}","templated":true}]}}