{"id":34637,"date":"2024-04-02T06:48:37","date_gmt":"2024-04-02T06:48:37","guid":{"rendered":"https:\/\/trendfurniture.ee\/?post_type=product&#038;p=34637"},"modified":"2024-04-02T06:48:37","modified_gmt":"2024-04-02T06:48:37","slug":"taispuidust-aialaud-2","status":"publish","type":"product","link":"https:\/\/trendfurniture.ee\/en\/product\/taispuidust-aialaud-2\/","title":{"rendered":"T\u00e4ispuidust aialaud"},"content":{"rendered":"","protected":false},"excerpt":{"rendered":"<p>UUS, t\u00e4ispuidust aialaud, m\u00f5\u00f5tudega: 76 x 150, k\u00f5rgus 75<\/p>","protected":false},"featured_media":34638,"template":"","meta":{"_acf_changed":false},"product_brand":[],"product_cat":[55],"product_tag":[],"class_list":{"0":"post-34637","1":"product","2":"type-product","3":"status-publish","4":"has-post-thumbnail","6":"product_cat-terrassi-aiamoobel","8":"first","9":"instock","10":"shipping-taxable","11":"purchasable","12":"product-type-simple"},"acf":[],"_links":{"self":[{"href":"https:\/\/trendfurniture.ee\/en\/wp-json\/wp\/v2\/product\/34637","targetHints":{"allow":["GET"]}}],"collection":[{"href":"https:\/\/trendfurniture.ee\/en\/wp-json\/wp\/v2\/product"}],"about":[{"href":"https:\/\/trendfurniture.ee\/en\/wp-json\/wp\/v2\/types\/product"}],"wp:featuredmedia":[{"embeddable":true,"href":"https:\/\/trendfurniture.ee\/en\/wp-json\/wp\/v2\/media\/34638"}],"wp:attachment":[{"href":"https:\/\/trendfurniture.ee\/en\/wp-json\/wp\/v2\/media?parent=34637"}],"wp:term":[{"taxonomy":"product_brand","embeddable":true,"href":"https:\/\/trendfurniture.ee\/en\/wp-json\/wp\/v2\/product_brand?post=34637"},{"taxonomy":"product_cat","embeddable":true,"href":"https:\/\/trendfurniture.ee\/en\/wp-json\/wp\/v2\/product_cat?post=34637"},{"taxonomy":"product_tag","embeddable":true,"href":"https:\/\/trendfurniture.ee\/en\/wp-json\/wp\/v2\/product_tag?post=34637"}],"curies":[{"name":"wp","href":"https:\/\/api.w.org\/{rel}","templated":true}]}}