{"id":34104,"date":"2024-01-26T09:14:15","date_gmt":"2024-01-26T09:14:15","guid":{"rendered":"https:\/\/trendfurniture.ee\/?post_type=product&#038;p=34104"},"modified":"2024-01-26T09:14:15","modified_gmt":"2024-01-26T09:14:15","slug":"laevalgusti-5","status":"publish","type":"product","link":"https:\/\/trendfurniture.ee\/en\/product\/laevalgusti-5\/","title":{"rendered":"Laevalgusti"},"content":{"rendered":"","protected":false},"excerpt":{"rendered":"<p>Kasutatud antiikne laevalgusti.<br \/>\nL\u00e4bim\u00f5\u00f5t 48, k\u00f5rgus 75<\/p>","protected":false},"featured_media":34105,"template":"","meta":{"_acf_changed":false},"product_brand":[],"product_cat":[173,171],"product_tag":[],"class_list":{"0":"post-34104","1":"product","2":"type-product","3":"status-publish","4":"has-post-thumbnail","6":"product_cat-antiikvalgustid","7":"product_cat-valgustid","9":"first","10":"instock","11":"shipping-taxable","12":"purchasable","13":"product-type-simple"},"acf":[],"_links":{"self":[{"href":"https:\/\/trendfurniture.ee\/en\/wp-json\/wp\/v2\/product\/34104","targetHints":{"allow":["GET"]}}],"collection":[{"href":"https:\/\/trendfurniture.ee\/en\/wp-json\/wp\/v2\/product"}],"about":[{"href":"https:\/\/trendfurniture.ee\/en\/wp-json\/wp\/v2\/types\/product"}],"wp:featuredmedia":[{"embeddable":true,"href":"https:\/\/trendfurniture.ee\/en\/wp-json\/wp\/v2\/media\/34105"}],"wp:attachment":[{"href":"https:\/\/trendfurniture.ee\/en\/wp-json\/wp\/v2\/media?parent=34104"}],"wp:term":[{"taxonomy":"product_brand","embeddable":true,"href":"https:\/\/trendfurniture.ee\/en\/wp-json\/wp\/v2\/product_brand?post=34104"},{"taxonomy":"product_cat","embeddable":true,"href":"https:\/\/trendfurniture.ee\/en\/wp-json\/wp\/v2\/product_cat?post=34104"},{"taxonomy":"product_tag","embeddable":true,"href":"https:\/\/trendfurniture.ee\/en\/wp-json\/wp\/v2\/product_tag?post=34104"}],"curies":[{"name":"wp","href":"https:\/\/api.w.org\/{rel}","templated":true}]}}