{"id":34060,"date":"2024-01-26T08:45:41","date_gmt":"2024-01-26T08:45:41","guid":{"rendered":"https:\/\/trendfurniture.ee\/?post_type=product&#038;p=34060"},"modified":"2025-01-06T10:57:58","modified_gmt":"2025-01-06T10:57:58","slug":"laevalgusti-2","status":"publish","type":"product","link":"https:\/\/trendfurniture.ee\/en\/product\/laevalgusti-2\/","title":{"rendered":"Valgustid"},"content":{"rendered":"","protected":false},"excerpt":{"rendered":"<p>Laevalgustid, kupli m\u00f5\u00f5dud: l\u00e4bim\u00f5\u00f5t 40, k\u00f5rgus 138<br \/>\nKuplitel esineb transpordiga tekkinud muljumist.<br \/>\nSaadaval 4 tk.<br \/>\nHind: 20.- tk.<\/p>","protected":false},"featured_media":34061,"template":"","meta":{"_acf_changed":false},"product_brand":[],"product_cat":[171],"product_tag":[],"class_list":{"0":"post-34060","1":"product","2":"type-product","3":"status-publish","4":"has-post-thumbnail","6":"product_cat-valgustid","8":"first","9":"instock","10":"shipping-taxable","11":"purchasable","12":"product-type-simple"},"acf":[],"_links":{"self":[{"href":"https:\/\/trendfurniture.ee\/en\/wp-json\/wp\/v2\/product\/34060","targetHints":{"allow":["GET"]}}],"collection":[{"href":"https:\/\/trendfurniture.ee\/en\/wp-json\/wp\/v2\/product"}],"about":[{"href":"https:\/\/trendfurniture.ee\/en\/wp-json\/wp\/v2\/types\/product"}],"wp:featuredmedia":[{"embeddable":true,"href":"https:\/\/trendfurniture.ee\/en\/wp-json\/wp\/v2\/media\/34061"}],"wp:attachment":[{"href":"https:\/\/trendfurniture.ee\/en\/wp-json\/wp\/v2\/media?parent=34060"}],"wp:term":[{"taxonomy":"product_brand","embeddable":true,"href":"https:\/\/trendfurniture.ee\/en\/wp-json\/wp\/v2\/product_brand?post=34060"},{"taxonomy":"product_cat","embeddable":true,"href":"https:\/\/trendfurniture.ee\/en\/wp-json\/wp\/v2\/product_cat?post=34060"},{"taxonomy":"product_tag","embeddable":true,"href":"https:\/\/trendfurniture.ee\/en\/wp-json\/wp\/v2\/product_tag?post=34060"}],"curies":[{"name":"wp","href":"https:\/\/api.w.org\/{rel}","templated":true}]}}