{"id":33026,"date":"2023-09-13T07:03:10","date_gmt":"2023-09-13T07:03:10","guid":{"rendered":"https:\/\/trendfurniture.ee\/?post_type=product&#038;p=33026"},"modified":"2023-09-13T07:03:11","modified_gmt":"2023-09-13T07:03:11","slug":"kontoritoolid","status":"publish","type":"product","link":"https:\/\/trendfurniture.ee\/en\/product\/kontoritoolid\/","title":{"rendered":"Kontoritoolid"},"content":{"rendered":"","protected":false},"excerpt":{"rendered":"<p>Kasutatud kontoritoolid.<br \/>\nV\u00f5ib esineda m\u00e4\u00e4rdumist ja kulumist.<br \/>\nHind: 25.- tk.<\/p>","protected":false},"featured_media":33027,"template":"","meta":{"_acf_changed":false},"product_brand":[],"product_cat":[102],"product_tag":[],"class_list":{"0":"post-33026","1":"product","2":"type-product","3":"status-publish","4":"has-post-thumbnail","6":"product_cat-toolid","8":"first","9":"instock","10":"shipping-taxable","11":"purchasable","12":"product-type-simple"},"acf":[],"_links":{"self":[{"href":"https:\/\/trendfurniture.ee\/en\/wp-json\/wp\/v2\/product\/33026","targetHints":{"allow":["GET"]}}],"collection":[{"href":"https:\/\/trendfurniture.ee\/en\/wp-json\/wp\/v2\/product"}],"about":[{"href":"https:\/\/trendfurniture.ee\/en\/wp-json\/wp\/v2\/types\/product"}],"wp:featuredmedia":[{"embeddable":true,"href":"https:\/\/trendfurniture.ee\/en\/wp-json\/wp\/v2\/media\/33027"}],"wp:attachment":[{"href":"https:\/\/trendfurniture.ee\/en\/wp-json\/wp\/v2\/media?parent=33026"}],"wp:term":[{"taxonomy":"product_brand","embeddable":true,"href":"https:\/\/trendfurniture.ee\/en\/wp-json\/wp\/v2\/product_brand?post=33026"},{"taxonomy":"product_cat","embeddable":true,"href":"https:\/\/trendfurniture.ee\/en\/wp-json\/wp\/v2\/product_cat?post=33026"},{"taxonomy":"product_tag","embeddable":true,"href":"https:\/\/trendfurniture.ee\/en\/wp-json\/wp\/v2\/product_tag?post=33026"}],"curies":[{"name":"wp","href":"https:\/\/api.w.org\/{rel}","templated":true}]}}