{"id":32867,"date":"2023-08-29T14:10:02","date_gmt":"2023-08-29T14:10:02","guid":{"rendered":"https:\/\/trendfurniture.ee\/?post_type=product&#038;p=32867"},"modified":"2023-08-29T14:10:02","modified_gmt":"2023-08-29T14:10:02","slug":"mannipuidust-klikiga-porandarestid","status":"publish","type":"product","link":"https:\/\/trendfurniture.ee\/en\/product\/mannipuidust-klikiga-porandarestid\/","title":{"rendered":"M\u00e4nnipuidust, klikiga p\u00f5randarestid"},"content":{"rendered":"","protected":false},"excerpt":{"rendered":"<p>UUED m\u00e4nnipuidust, klikiga p\u00f5randarestid.mida saab omavahel \u00fchendada.<br \/>\nM\u00f5\u00f5dud: 300 x 300 x 32<br \/>\nHind: 4.80 tk.<\/p>","protected":false},"featured_media":32868,"template":"","meta":{"_acf_changed":false},"product_brand":[],"product_cat":[55],"product_tag":[],"class_list":{"0":"post-32867","1":"product","2":"type-product","3":"status-publish","4":"has-post-thumbnail","6":"product_cat-terrassi-aiamoobel","8":"first","9":"instock","10":"shipping-taxable","11":"purchasable","12":"product-type-simple"},"acf":[],"_links":{"self":[{"href":"https:\/\/trendfurniture.ee\/en\/wp-json\/wp\/v2\/product\/32867","targetHints":{"allow":["GET"]}}],"collection":[{"href":"https:\/\/trendfurniture.ee\/en\/wp-json\/wp\/v2\/product"}],"about":[{"href":"https:\/\/trendfurniture.ee\/en\/wp-json\/wp\/v2\/types\/product"}],"wp:featuredmedia":[{"embeddable":true,"href":"https:\/\/trendfurniture.ee\/en\/wp-json\/wp\/v2\/media\/32868"}],"wp:attachment":[{"href":"https:\/\/trendfurniture.ee\/en\/wp-json\/wp\/v2\/media?parent=32867"}],"wp:term":[{"taxonomy":"product_brand","embeddable":true,"href":"https:\/\/trendfurniture.ee\/en\/wp-json\/wp\/v2\/product_brand?post=32867"},{"taxonomy":"product_cat","embeddable":true,"href":"https:\/\/trendfurniture.ee\/en\/wp-json\/wp\/v2\/product_cat?post=32867"},{"taxonomy":"product_tag","embeddable":true,"href":"https:\/\/trendfurniture.ee\/en\/wp-json\/wp\/v2\/product_tag?post=32867"}],"curies":[{"name":"wp","href":"https:\/\/api.w.org\/{rel}","templated":true}]}}