{"id":31191,"date":"2023-01-26T13:11:45","date_gmt":"2023-01-26T13:11:45","guid":{"rendered":"https:\/\/trendfurniture.ee\/?post_type=product&#038;p=31191"},"modified":"2023-01-26T13:12:58","modified_gmt":"2023-01-26T13:12:58","slug":"31191","status":"publish","type":"product","link":"https:\/\/trendfurniture.ee\/en\/product\/31191\/","title":{"rendered":"Tammepuidust \u00f6\u00f6kapid"},"content":{"rendered":"","protected":false},"excerpt":{"rendered":"<p>UUED \u00f6\u00f6kapid, m\u00f5\u00f5tudega: 53 x 40, k\u00f5rgus 58<br \/>\nKorpus m\u00e4nnipuidust, pealmine plaat tammepuidust.<br \/>\nUksed vaikseltsulguvad.<br \/>\nKomplekti hind: 398.-<\/p>","protected":false},"featured_media":31192,"template":"","meta":{"_acf_changed":false},"product_brand":[],"product_cat":[180],"product_tag":[],"class_list":{"0":"post-31191","1":"product","2":"type-product","3":"status-publish","4":"has-post-thumbnail","6":"product_cat-ookapid","8":"first","9":"instock","10":"shipping-taxable","11":"purchasable","12":"product-type-simple"},"acf":[],"_links":{"self":[{"href":"https:\/\/trendfurniture.ee\/en\/wp-json\/wp\/v2\/product\/31191","targetHints":{"allow":["GET"]}}],"collection":[{"href":"https:\/\/trendfurniture.ee\/en\/wp-json\/wp\/v2\/product"}],"about":[{"href":"https:\/\/trendfurniture.ee\/en\/wp-json\/wp\/v2\/types\/product"}],"wp:featuredmedia":[{"embeddable":true,"href":"https:\/\/trendfurniture.ee\/en\/wp-json\/wp\/v2\/media\/31192"}],"wp:attachment":[{"href":"https:\/\/trendfurniture.ee\/en\/wp-json\/wp\/v2\/media?parent=31191"}],"wp:term":[{"taxonomy":"product_brand","embeddable":true,"href":"https:\/\/trendfurniture.ee\/en\/wp-json\/wp\/v2\/product_brand?post=31191"},{"taxonomy":"product_cat","embeddable":true,"href":"https:\/\/trendfurniture.ee\/en\/wp-json\/wp\/v2\/product_cat?post=31191"},{"taxonomy":"product_tag","embeddable":true,"href":"https:\/\/trendfurniture.ee\/en\/wp-json\/wp\/v2\/product_tag?post=31191"}],"curies":[{"name":"wp","href":"https:\/\/api.w.org\/{rel}","templated":true}]}}