{"id":30969,"date":"2022-12-15T13:33:18","date_gmt":"2022-12-15T13:33:18","guid":{"rendered":"https:\/\/trendfurniture.ee\/?post_type=product&#038;p=30969"},"modified":"2024-12-20T09:12:06","modified_gmt":"2024-12-20T09:12:06","slug":"90cm-sarakuunlad","status":"publish","type":"product","link":"https:\/\/trendfurniture.ee\/en\/product\/90cm-sarakuunlad\/","title":{"rendered":"90cm S\u00e4rak\u00fc\u00fcnlad"},"content":{"rendered":"","protected":false},"excerpt":{"rendered":"<p>Pikad 90 cm s\u00e4rak\u00fc\u00fcnlad.<br \/>\nPakis 3tki ja paki hind 3.-<\/p>","protected":false},"featured_media":36286,"template":"","meta":{"_acf_changed":false},"product_brand":[],"product_cat":[232],"product_tag":[],"class_list":{"0":"post-30969","1":"product","2":"type-product","3":"status-publish","4":"has-post-thumbnail","6":"product_cat-ilutulestik","8":"first","9":"instock","10":"shipping-taxable","11":"purchasable","12":"product-type-simple"},"acf":[],"_links":{"self":[{"href":"https:\/\/trendfurniture.ee\/en\/wp-json\/wp\/v2\/product\/30969","targetHints":{"allow":["GET"]}}],"collection":[{"href":"https:\/\/trendfurniture.ee\/en\/wp-json\/wp\/v2\/product"}],"about":[{"href":"https:\/\/trendfurniture.ee\/en\/wp-json\/wp\/v2\/types\/product"}],"wp:featuredmedia":[{"embeddable":true,"href":"https:\/\/trendfurniture.ee\/en\/wp-json\/wp\/v2\/media\/36286"}],"wp:attachment":[{"href":"https:\/\/trendfurniture.ee\/en\/wp-json\/wp\/v2\/media?parent=30969"}],"wp:term":[{"taxonomy":"product_brand","embeddable":true,"href":"https:\/\/trendfurniture.ee\/en\/wp-json\/wp\/v2\/product_brand?post=30969"},{"taxonomy":"product_cat","embeddable":true,"href":"https:\/\/trendfurniture.ee\/en\/wp-json\/wp\/v2\/product_cat?post=30969"},{"taxonomy":"product_tag","embeddable":true,"href":"https:\/\/trendfurniture.ee\/en\/wp-json\/wp\/v2\/product_tag?post=30969"}],"curies":[{"name":"wp","href":"https:\/\/api.w.org\/{rel}","templated":true}]}}