{"id":30853,"date":"2022-12-02T08:14:13","date_gmt":"2022-12-02T08:14:13","guid":{"rendered":"https:\/\/trendfurniture.ee\/?post_type=product&#038;p=30853"},"modified":"2022-12-02T08:14:14","modified_gmt":"2022-12-02T08:14:14","slug":"tool-4","status":"publish","type":"product","link":"https:\/\/trendfurniture.ee\/en\/product\/tool-4\/","title":{"rendered":"Tool"},"content":{"rendered":"<p>UUS! Samet kangaga tool.<br \/>\nM\u00f5\u00f5dud: 55 x 55 k\u00f5rgus: 87<br \/>\nKogus 1tk.<\/p>","protected":false},"excerpt":{"rendered":"<p>UUS! Samet kangaga tool. M\u00f5\u00f5dud: 55 x 55 k\u00f5rgus: 87 Kogus 1tk.<\/p>","protected":false},"featured_media":30854,"template":"","meta":{"_acf_changed":false},"product_brand":[],"product_cat":[102],"product_tag":[],"class_list":{"0":"post-30853","1":"product","2":"type-product","3":"status-publish","4":"has-post-thumbnail","6":"product_cat-toolid","8":"first","9":"instock","10":"shipping-taxable","11":"purchasable","12":"product-type-simple"},"acf":[],"_links":{"self":[{"href":"https:\/\/trendfurniture.ee\/en\/wp-json\/wp\/v2\/product\/30853","targetHints":{"allow":["GET"]}}],"collection":[{"href":"https:\/\/trendfurniture.ee\/en\/wp-json\/wp\/v2\/product"}],"about":[{"href":"https:\/\/trendfurniture.ee\/en\/wp-json\/wp\/v2\/types\/product"}],"wp:featuredmedia":[{"embeddable":true,"href":"https:\/\/trendfurniture.ee\/en\/wp-json\/wp\/v2\/media\/30854"}],"wp:attachment":[{"href":"https:\/\/trendfurniture.ee\/en\/wp-json\/wp\/v2\/media?parent=30853"}],"wp:term":[{"taxonomy":"product_brand","embeddable":true,"href":"https:\/\/trendfurniture.ee\/en\/wp-json\/wp\/v2\/product_brand?post=30853"},{"taxonomy":"product_cat","embeddable":true,"href":"https:\/\/trendfurniture.ee\/en\/wp-json\/wp\/v2\/product_cat?post=30853"},{"taxonomy":"product_tag","embeddable":true,"href":"https:\/\/trendfurniture.ee\/en\/wp-json\/wp\/v2\/product_tag?post=30853"}],"curies":[{"name":"wp","href":"https:\/\/api.w.org\/{rel}","templated":true}]}}