{"id":30228,"date":"2022-10-03T06:33:21","date_gmt":"2022-10-03T06:33:21","guid":{"rendered":"https:\/\/trendfurniture.ee\/?post_type=product&#038;p=30228"},"modified":"2022-10-03T06:33:21","modified_gmt":"2022-10-03T06:33:21","slug":"must-led-laevalgusti-mallory","status":"publish","type":"product","link":"https:\/\/trendfurniture.ee\/en\/product\/must-led-laevalgusti-mallory\/","title":{"rendered":"Must LED-laevalgusti Mallory"},"content":{"rendered":"","protected":false},"excerpt":{"rendered":"<p>\u00dcksikasjad<br \/>\n&#8211; LED laevalgusti<br \/>\n&#8211; Sisemine lambikuppel kuldset v\u00e4rvi<\/p>\n<p>&#8211; Elektrifitseerimine: 1 x LED, 18 W (p\u00fcsivalt paigaldatud)<br \/>\n&#8211; Valgusv\u00e4rv: 3000 K (neutraalne valge)<br \/>\n&#8211; Heledus: 1270 lm<br \/>\n&#8211; Kasutusiga: 50 000 h<br \/>\n&#8211; Pole h\u00e4mardatav<\/p>\n<p>V\u00e4rv<br \/>\nV\u00e4line lambikuppel: must<br \/>\nSisemine lambikuppel: kuldne<br \/>\nHajuti ketas: valge<\/p>\n<p>M\u00f5\u00f5dud:<br \/>\nLamp:<br \/>\nL\u00e4bim\u00f5\u00f5t 41 cm<br \/>\nK\u00f5rgus 10 cm<\/p>\n<p>Materjal<br \/>\nV\u00e4line lambikuppel: kangas<br \/>\nSisemine kuppel: plastik<br \/>\nHajuti ketas: plastik<\/p>","protected":false},"featured_media":30229,"template":"","meta":{"_acf_changed":false},"product_brand":[],"product_cat":[171],"product_tag":[],"class_list":{"0":"post-30228","1":"product","2":"type-product","3":"status-publish","4":"has-post-thumbnail","6":"product_cat-valgustid","8":"first","9":"instock","10":"shipping-taxable","11":"purchasable","12":"product-type-simple"},"acf":[],"_links":{"self":[{"href":"https:\/\/trendfurniture.ee\/en\/wp-json\/wp\/v2\/product\/30228","targetHints":{"allow":["GET"]}}],"collection":[{"href":"https:\/\/trendfurniture.ee\/en\/wp-json\/wp\/v2\/product"}],"about":[{"href":"https:\/\/trendfurniture.ee\/en\/wp-json\/wp\/v2\/types\/product"}],"wp:featuredmedia":[{"embeddable":true,"href":"https:\/\/trendfurniture.ee\/en\/wp-json\/wp\/v2\/media\/30229"}],"wp:attachment":[{"href":"https:\/\/trendfurniture.ee\/en\/wp-json\/wp\/v2\/media?parent=30228"}],"wp:term":[{"taxonomy":"product_brand","embeddable":true,"href":"https:\/\/trendfurniture.ee\/en\/wp-json\/wp\/v2\/product_brand?post=30228"},{"taxonomy":"product_cat","embeddable":true,"href":"https:\/\/trendfurniture.ee\/en\/wp-json\/wp\/v2\/product_cat?post=30228"},{"taxonomy":"product_tag","embeddable":true,"href":"https:\/\/trendfurniture.ee\/en\/wp-json\/wp\/v2\/product_tag?post=30228"}],"curies":[{"name":"wp","href":"https:\/\/api.w.org\/{rel}","templated":true}]}}