{"id":30043,"date":"2022-09-29T10:45:04","date_gmt":"2022-09-29T10:45:04","guid":{"rendered":"https:\/\/trendfurniture.ee\/?post_type=product&#038;p=30043"},"modified":"2025-06-02T12:14:35","modified_gmt":"2025-06-02T12:14:35","slug":"3d-foto-tapeet","status":"publish","type":"product","link":"https:\/\/trendfurniture.ee\/en\/product\/3d-foto-tapeet\/","title":{"rendered":"3D Foto tapeet"},"content":{"rendered":"","protected":false},"excerpt":{"rendered":"<p>3D Foto tapeet<\/p>\n<p>V\u00e4rv<br \/>\nHelehall<\/p>\n<p>M\u00f5\u00f5dud:<br \/>\n\u00dcldm\u00f5\u00f5tmed:<br \/>\nLaius 300 cm<br \/>\nK\u00f5rgus 280 cm<br \/>\n\u00dcks rull: iga\u00fcks<br \/>\nLaius 50 cm<br \/>\nK\u00f5rgus 280 cm<\/p>","protected":false},"featured_media":30044,"template":"","meta":{"_acf_changed":false},"product_brand":[],"product_cat":[151],"product_tag":[],"class_list":{"0":"post-30043","1":"product","2":"type-product","3":"status-publish","4":"has-post-thumbnail","6":"product_cat-varia","8":"first","9":"instock","10":"sale","11":"shipping-taxable","12":"purchasable","13":"product-type-simple"},"acf":[],"_links":{"self":[{"href":"https:\/\/trendfurniture.ee\/en\/wp-json\/wp\/v2\/product\/30043","targetHints":{"allow":["GET"]}}],"collection":[{"href":"https:\/\/trendfurniture.ee\/en\/wp-json\/wp\/v2\/product"}],"about":[{"href":"https:\/\/trendfurniture.ee\/en\/wp-json\/wp\/v2\/types\/product"}],"wp:featuredmedia":[{"embeddable":true,"href":"https:\/\/trendfurniture.ee\/en\/wp-json\/wp\/v2\/media\/30044"}],"wp:attachment":[{"href":"https:\/\/trendfurniture.ee\/en\/wp-json\/wp\/v2\/media?parent=30043"}],"wp:term":[{"taxonomy":"product_brand","embeddable":true,"href":"https:\/\/trendfurniture.ee\/en\/wp-json\/wp\/v2\/product_brand?post=30043"},{"taxonomy":"product_cat","embeddable":true,"href":"https:\/\/trendfurniture.ee\/en\/wp-json\/wp\/v2\/product_cat?post=30043"},{"taxonomy":"product_tag","embeddable":true,"href":"https:\/\/trendfurniture.ee\/en\/wp-json\/wp\/v2\/product_tag?post=30043"}],"curies":[{"name":"wp","href":"https:\/\/api.w.org\/{rel}","templated":true}]}}