{"id":29304,"date":"2022-09-22T06:32:42","date_gmt":"2022-09-22T06:32:42","guid":{"rendered":"https:\/\/trendfurniture.ee\/?post_type=product&#038;p=29304"},"modified":"2022-09-22T06:32:42","modified_gmt":"2022-09-22T06:32:42","slug":"puidust-lillekastid","status":"publish","type":"product","link":"https:\/\/trendfurniture.ee\/en\/product\/puidust-lillekastid\/","title":{"rendered":"Puidust lillekastid"},"content":{"rendered":"","protected":false},"excerpt":{"rendered":"<div dir=\"auto\">V\u00e4iksed, puidust lillekastid, m\u00f5\u00f5tudega: 27 x 12, k\u00f5rgus 9. Saadaval 10 + tk.<\/div>\n<div dir=\"auto\">Asuvad Tehase 21, Tartus.<\/div>\n<div dir=\"auto\">Hind: 3.50 tk.<\/div>","protected":false},"featured_media":29305,"template":"","meta":{"_acf_changed":false},"product_brand":[],"product_cat":[113],"product_tag":[],"class_list":{"0":"post-29304","1":"product","2":"type-product","3":"status-publish","4":"has-post-thumbnail","6":"product_cat-pudi-padi","8":"first","9":"instock","10":"shipping-taxable","11":"purchasable","12":"product-type-simple"},"acf":[],"_links":{"self":[{"href":"https:\/\/trendfurniture.ee\/en\/wp-json\/wp\/v2\/product\/29304","targetHints":{"allow":["GET"]}}],"collection":[{"href":"https:\/\/trendfurniture.ee\/en\/wp-json\/wp\/v2\/product"}],"about":[{"href":"https:\/\/trendfurniture.ee\/en\/wp-json\/wp\/v2\/types\/product"}],"wp:featuredmedia":[{"embeddable":true,"href":"https:\/\/trendfurniture.ee\/en\/wp-json\/wp\/v2\/media\/29305"}],"wp:attachment":[{"href":"https:\/\/trendfurniture.ee\/en\/wp-json\/wp\/v2\/media?parent=29304"}],"wp:term":[{"taxonomy":"product_brand","embeddable":true,"href":"https:\/\/trendfurniture.ee\/en\/wp-json\/wp\/v2\/product_brand?post=29304"},{"taxonomy":"product_cat","embeddable":true,"href":"https:\/\/trendfurniture.ee\/en\/wp-json\/wp\/v2\/product_cat?post=29304"},{"taxonomy":"product_tag","embeddable":true,"href":"https:\/\/trendfurniture.ee\/en\/wp-json\/wp\/v2\/product_tag?post=29304"}],"curies":[{"name":"wp","href":"https:\/\/api.w.org\/{rel}","templated":true}]}}