{"id":28878,"date":"2022-09-20T11:12:21","date_gmt":"2022-09-20T11:12:21","guid":{"rendered":"https:\/\/trendfurniture.ee\/?post_type=product&#038;p=28878"},"modified":"2024-01-31T09:30:18","modified_gmt":"2024-01-31T09:30:18","slug":"diivanilaud-lesley","status":"publish","type":"product","link":"https:\/\/trendfurniture.ee\/en\/product\/diivanilaud-lesley\/","title":{"rendered":"Diivanilaud &#8220;LESLEY&#8221;"},"content":{"rendered":"","protected":false},"excerpt":{"rendered":"<div dir=\"auto\">-UUS diivanilaud &#8220;LESLEY&#8221;<\/div>\n<div dir=\"auto\">&#8211; Puidust aluskonstruktsiooniga diivanilaud<\/div>\n<div dir=\"auto\">&#8211; Marmori v\u00e4limusega<\/div>\n<div dir=\"auto\">&#8211; Alumine osa \u00fchev\u00e4rviline, ilma marmorefektita<\/div>\n<div dir=\"auto\">&#8211; Lihtne liigutada<\/div>\n<div dir=\"auto\">&#8211; K\u00e4sitsi valmistatud ja kergesti puhastatav<\/div>\n<div dir=\"auto\">-Kohvilaud on seest t\u00fchi ja selle netokaal on vaid 18 kg<\/div>\n<div dir=\"auto\">-Iga t\u00fckk on unikaalne ja k\u00e4sitsi valmistatud, mist\u00f5ttu on igal t\u00fckil individuaalne disain ja v\u00e4ikesed ebatasasused<\/div>\n<div dir=\"auto\">-V\u00e4rv L\u00e4ikiva musta marmori efekt ja Valge-halli l\u00e4ikiva marmori efekt<\/div>\n<div dir=\"auto\">-Alumine: t\u00e4ismust ja valge<\/div>\n<div dir=\"auto\">-M\u00f5\u00f5dud: Laius 90 cm K\u00f5rgus 40 cm S\u00fcgavus 50 cm<\/div>\n<div dir=\"auto\">-Materjal Melamiinlehega kaetud keskmise tihedusega puitkiudplaat (MDF).<\/div>\n<div dir=\"auto\">-Saadaval must ja valge<\/div>\n<div dir=\"auto\">-Hind: 249.- tk.<\/div>","protected":false},"featured_media":28879,"template":"","meta":{"_acf_changed":false},"product_brand":[],"product_cat":[227],"product_tag":[],"class_list":{"0":"post-28878","1":"product","2":"type-product","3":"status-publish","4":"has-post-thumbnail","6":"product_cat-diivani-serveerimis-lauad","8":"first","9":"instock","10":"shipping-taxable","11":"purchasable","12":"product-type-simple"},"acf":[],"_links":{"self":[{"href":"https:\/\/trendfurniture.ee\/en\/wp-json\/wp\/v2\/product\/28878","targetHints":{"allow":["GET"]}}],"collection":[{"href":"https:\/\/trendfurniture.ee\/en\/wp-json\/wp\/v2\/product"}],"about":[{"href":"https:\/\/trendfurniture.ee\/en\/wp-json\/wp\/v2\/types\/product"}],"wp:featuredmedia":[{"embeddable":true,"href":"https:\/\/trendfurniture.ee\/en\/wp-json\/wp\/v2\/media\/28879"}],"wp:attachment":[{"href":"https:\/\/trendfurniture.ee\/en\/wp-json\/wp\/v2\/media?parent=28878"}],"wp:term":[{"taxonomy":"product_brand","embeddable":true,"href":"https:\/\/trendfurniture.ee\/en\/wp-json\/wp\/v2\/product_brand?post=28878"},{"taxonomy":"product_cat","embeddable":true,"href":"https:\/\/trendfurniture.ee\/en\/wp-json\/wp\/v2\/product_cat?post=28878"},{"taxonomy":"product_tag","embeddable":true,"href":"https:\/\/trendfurniture.ee\/en\/wp-json\/wp\/v2\/product_tag?post=28878"}],"curies":[{"name":"wp","href":"https:\/\/api.w.org\/{rel}","templated":true}]}}