{"id":28816,"date":"2022-09-20T10:08:50","date_gmt":"2022-09-20T10:08:50","guid":{"rendered":"https:\/\/trendfurniture.ee\/?post_type=product&#038;p=28816"},"modified":"2023-09-22T08:01:27","modified_gmt":"2023-09-22T08:01:27","slug":"mannipuidust-soogilaud","status":"publish","type":"product","link":"https:\/\/trendfurniture.ee\/en\/product\/mannipuidust-soogilaud\/","title":{"rendered":"M\u00e4nnipuidust s\u00f6\u00f6gilauad"},"content":{"rendered":"","protected":false},"excerpt":{"rendered":"<p>UUED m\u00e4nnipuidust s\u00f6\u00f6gilauad, tellimisel vastavalt, m\u00f5\u00f5dule ja v\u00e4rvitoonile.<br \/>\nS\u00f6\u00f6gilaua hind ja m\u00f5\u00f5dud:<br \/>\n60 x 60, k\u00f5rgus 75   Hind 85.-<br \/>\n70 x 70, k\u00f5rgus 75   Hind 95.-<br \/>\n75 x 75, k\u00f5rgus 75   Hind 107.-<br \/>\n80 x 80, k\u00f5rgus 75   Hind 115.-<br \/>\n100 x 55, k\u00f5rgus 75  Hind 121.-<br \/>\n110 x 60, k\u00f5rgus 75  Hind 123.-<br \/>\n120 x 60, k\u00f5rgus 75  Hind 135.-<br \/>\n120 x 80, k\u00f5rgus 75  Hind 172.-<br \/>\n130 x 80, k\u00f5rgus 75  Hind 184.-<br \/>\n80 x 50, k\u00f5rgus 75   Hind 87.-<br \/>\n90 x 55, k\u00f5rgus 75   Hind 100.-<br \/>\nTabureti hind: 38.- TK<br \/>\nNB! V\u00f5imalik tellida ka erim\u00f5\u00f5dulisi laudasid. K\u00dcSI PAKKUMIST!<br \/>\nNB! TARNEAEG NELI N\u00c4DALAT!<\/p>","protected":false},"featured_media":28817,"template":"","meta":{"_acf_changed":false},"product_brand":[],"product_cat":[103],"product_tag":[],"class_list":{"0":"post-28816","1":"product","2":"type-product","3":"status-publish","4":"has-post-thumbnail","6":"product_cat-soogilauad-toolid-1","8":"first","9":"instock","10":"shipping-taxable","11":"purchasable","12":"product-type-simple"},"acf":[],"_links":{"self":[{"href":"https:\/\/trendfurniture.ee\/en\/wp-json\/wp\/v2\/product\/28816","targetHints":{"allow":["GET"]}}],"collection":[{"href":"https:\/\/trendfurniture.ee\/en\/wp-json\/wp\/v2\/product"}],"about":[{"href":"https:\/\/trendfurniture.ee\/en\/wp-json\/wp\/v2\/types\/product"}],"wp:featuredmedia":[{"embeddable":true,"href":"https:\/\/trendfurniture.ee\/en\/wp-json\/wp\/v2\/media\/28817"}],"wp:attachment":[{"href":"https:\/\/trendfurniture.ee\/en\/wp-json\/wp\/v2\/media?parent=28816"}],"wp:term":[{"taxonomy":"product_brand","embeddable":true,"href":"https:\/\/trendfurniture.ee\/en\/wp-json\/wp\/v2\/product_brand?post=28816"},{"taxonomy":"product_cat","embeddable":true,"href":"https:\/\/trendfurniture.ee\/en\/wp-json\/wp\/v2\/product_cat?post=28816"},{"taxonomy":"product_tag","embeddable":true,"href":"https:\/\/trendfurniture.ee\/en\/wp-json\/wp\/v2\/product_tag?post=28816"}],"curies":[{"name":"wp","href":"https:\/\/api.w.org\/{rel}","templated":true}]}}