{"id":5492,"date":"2022-07-22T10:20:11","date_gmt":"2022-07-22T10:20:11","guid":{"rendered":"https:\/\/trendfurniture.ee\/kontakt-copy\/"},"modified":"2022-07-22T10:51:28","modified_gmt":"2022-07-22T10:51:28","slug":"hotelli-moobel","status":"publish","type":"page","link":"https:\/\/trendfurniture.ee\/en\/hotelli-moobel\/","title":{"rendered":"Hotelli m\u00f6\u00f6bel"},"content":{"rendered":"<div data-vc-full-width=\"true\" data-vc-full-width-init=\"false\" data-vc-stretch-content=\"true\" class=\"vc_row wpb_row vc_row-fluid vc_custom_1522680729235 vc_row-no-padding\"><div class=\"wpb_column vc_column_container vc_col-sm-12\"><div class=\"vc_column-inner\"><div class=\"wpb_wrapper\"><\/div><\/div><\/div><\/div><div class=\"vc_row-full-width vc_clearfix\"><\/div><div class=\"vc_row wpb_row vc_row-fluid\"><div class=\"contact-form wpb_column vc_column_container vc_col-sm-6\"><div class=\"vc_column-inner\"><div class=\"wpb_wrapper\">\n\t<div class=\"wpb_text_column wpb_content_element \" >\n\t\t<div class=\"wpb_wrapper\">\n\t\t\t<p>Trend Furniture O\u00dc tegeleb kvaliteetse, peamiselt Skandinaaviast saabunud, uue ja kasutatud m\u00f6\u00f6bli jae &#8211; ja hulgim\u00fc\u00fcgiga.<\/p>\n<p>Oleme suunanud enda p\u00f5hitegevuse majutusasutustele, kes otsivad kvaliteetset ja korralikku teise ringi m\u00f6\u00f6blit soodsama hinnaga. Kvaliteetne ja ainulaadne eritellimusena valmistatud m\u00f6\u00f6bel ja sisustuselemendid: voodid, \u00a0kapid, \u00a0kardinad, vaibad, tugitoolid , j\u00e4rid, diivanilauad, \u00f6\u00f6kapid, diivanid, tugitoolid, \u00a0peeglid, valgustid,\u00a0 jne. K\u00f5ik mis on seotud hotellitubade sisustamisega.<\/p>\n<p>Lisaks pakume ka uut hotellisisustust. Meilt saab tellida uusi ku\u015bette, erinevas m\u00f5\u00f5dus ja vastavalt kliendi soovile.<\/p>\n<p>V\u00f5tke meiega \u00fchendust tel: +372 5679 5796<\/p>\n<p>Ja vaadake ka meie kodulehte: www.trendfurniture.ee<\/p>\n<p>Meie m\u00f6\u00f6blisalong ja ladu asub Tartus, Tehase 21.<\/p>\n<p>Aitame ka m\u00f6\u00f6bli transpordiga.<\/p>\n<p>Oleme kindlad, et leiate meie valikust sobiva sisustuse.<\/p>\n\n\t\t<\/div>\n\t<\/div>\n<\/div><\/div><\/div><div class=\"wpb_column vc_column_container vc_col-sm-6\"><div class=\"vc_column-inner\"><div class=\"wpb_wrapper\">\n\t<div class=\"wpb_text_column wpb_content_element \" >\n\t\t<div class=\"wpb_wrapper\">\n\t\t\t<h2>Tehvandi hotell<\/h2>\n\n\t\t<\/div>\n\t<\/div>\n<div class=\"wpb_gallery wpb_content_element vc_clearfix\" ><div class=\"wpb_wrapper\"><div class=\"wpb_gallery_slides wpb_flexslider flexslider_fade flexslider\" data-interval=\"3\" data-flex_fx=\"fade\"><ul class=\"slides\"><li><a class=\"\" href=\"https:\/\/trendfurniture.ee\/wp-content\/uploads\/2022\/07\/tehvandi5.jpg\" data-lightbox=\"lightbox[rel-5492-3708475816]\"><img loading=\"lazy\" decoding=\"async\" width=\"800\" height=\"600\" src=\"https:\/\/trendfurniture.ee\/wp-content\/uploads\/2022\/07\/tehvandi5.jpg\" class=\"attachment-large\" alt=\"\" title=\"tehvandi5\" srcset=\"https:\/\/trendfurniture.ee\/wp-content\/uploads\/2022\/07\/tehvandi5.jpg 800w, https:\/\/trendfurniture.ee\/wp-content\/uploads\/2022\/07\/tehvandi5-600x450.jpg 600w, https:\/\/trendfurniture.ee\/wp-content\/uploads\/2022\/07\/tehvandi5-300x225.jpg 300w, https:\/\/trendfurniture.ee\/wp-content\/uploads\/2022\/07\/tehvandi5-768x576.jpg 768w\" sizes=\"auto, (max-width: 800px) 100vw, 800px\" \/><\/a><\/li><li><a class=\"\" href=\"https:\/\/trendfurniture.ee\/wp-content\/uploads\/2022\/07\/tehvandi3.jpg\" data-lightbox=\"lightbox[rel-5492-3708475816]\"><img loading=\"lazy\" decoding=\"async\" width=\"800\" height=\"600\" src=\"https:\/\/trendfurniture.ee\/wp-content\/uploads\/2022\/07\/tehvandi3.jpg\" class=\"attachment-large\" alt=\"\" title=\"tehvandi3\" srcset=\"https:\/\/trendfurniture.ee\/wp-content\/uploads\/2022\/07\/tehvandi3.jpg 800w, https:\/\/trendfurniture.ee\/wp-content\/uploads\/2022\/07\/tehvandi3-600x450.jpg 600w, https:\/\/trendfurniture.ee\/wp-content\/uploads\/2022\/07\/tehvandi3-300x225.jpg 300w, https:\/\/trendfurniture.ee\/wp-content\/uploads\/2022\/07\/tehvandi3-768x576.jpg 768w\" sizes=\"auto, (max-width: 800px) 100vw, 800px\" \/><\/a><\/li><li><a class=\"\" href=\"https:\/\/trendfurniture.ee\/wp-content\/uploads\/2022\/07\/tehvandi4.jpg\" data-lightbox=\"lightbox[rel-5492-3708475816]\"><img loading=\"lazy\" decoding=\"async\" width=\"800\" height=\"600\" src=\"https:\/\/trendfurniture.ee\/wp-content\/uploads\/2022\/07\/tehvandi4.jpg\" class=\"attachment-large\" alt=\"\" title=\"tehvandi4\" srcset=\"https:\/\/trendfurniture.ee\/wp-content\/uploads\/2022\/07\/tehvandi4.jpg 800w, https:\/\/trendfurniture.ee\/wp-content\/uploads\/2022\/07\/tehvandi4-600x450.jpg 600w, https:\/\/trendfurniture.ee\/wp-content\/uploads\/2022\/07\/tehvandi4-300x225.jpg 300w, https:\/\/trendfurniture.ee\/wp-content\/uploads\/2022\/07\/tehvandi4-768x576.jpg 768w\" sizes=\"auto, (max-width: 800px) 100vw, 800px\" \/><\/a><\/li><li><a class=\"\" href=\"https:\/\/trendfurniture.ee\/wp-content\/uploads\/2022\/07\/tehvandi2.jpg\" data-lightbox=\"lightbox[rel-5492-3708475816]\"><img loading=\"lazy\" decoding=\"async\" width=\"800\" height=\"600\" src=\"https:\/\/trendfurniture.ee\/wp-content\/uploads\/2022\/07\/tehvandi2.jpg\" class=\"attachment-large\" alt=\"\" title=\"tehvandi2\" srcset=\"https:\/\/trendfurniture.ee\/wp-content\/uploads\/2022\/07\/tehvandi2.jpg 800w, https:\/\/trendfurniture.ee\/wp-content\/uploads\/2022\/07\/tehvandi2-600x450.jpg 600w, https:\/\/trendfurniture.ee\/wp-content\/uploads\/2022\/07\/tehvandi2-300x225.jpg 300w, https:\/\/trendfurniture.ee\/wp-content\/uploads\/2022\/07\/tehvandi2-768x576.jpg 768w\" sizes=\"auto, (max-width: 800px) 100vw, 800px\" \/><\/a><\/li><li><a class=\"\" href=\"https:\/\/trendfurniture.ee\/wp-content\/uploads\/2022\/07\/tehvandi1.jpg\" data-lightbox=\"lightbox[rel-5492-3708475816]\"><img loading=\"lazy\" decoding=\"async\" width=\"800\" height=\"438\" src=\"https:\/\/trendfurniture.ee\/wp-content\/uploads\/2022\/07\/tehvandi1.jpg\" class=\"attachment-large\" alt=\"\" title=\"tehvandi1\" srcset=\"https:\/\/trendfurniture.ee\/wp-content\/uploads\/2022\/07\/tehvandi1.jpg 800w, https:\/\/trendfurniture.ee\/wp-content\/uploads\/2022\/07\/tehvandi1-600x329.jpg 600w, https:\/\/trendfurniture.ee\/wp-content\/uploads\/2022\/07\/tehvandi1-300x164.jpg 300w, https:\/\/trendfurniture.ee\/wp-content\/uploads\/2022\/07\/tehvandi1-768x420.jpg 768w\" sizes=\"auto, (max-width: 800px) 100vw, 800px\" \/><\/a><\/li><\/ul><\/div><\/div><\/div><\/div><\/div><\/div><\/div><div class=\"vc_row wpb_row vc_row-fluid\"><div class=\"wpb_column vc_column_container vc_col-sm-6\"><div class=\"vc_column-inner\"><div class=\"wpb_wrapper\">\n\t<div class=\"wpb_text_column wpb_content_element \" >\n\t\t<div class=\"wpb_wrapper\">\n\t\t\t<h2>Reldor motell<\/h2>\n\n\t\t<\/div>\n\t<\/div>\n<div class=\"wpb_gallery wpb_content_element vc_clearfix\" ><div class=\"wpb_wrapper\"><div class=\"wpb_gallery_slides wpb_flexslider flexslider_fade flexslider\" data-interval=\"3\" data-flex_fx=\"fade\"><ul class=\"slides\"><li><a class=\"\" href=\"https:\/\/trendfurniture.ee\/wp-content\/uploads\/2022\/07\/motell6.jpg\" data-lightbox=\"lightbox[rel-5492-2325746028]\"><img loading=\"lazy\" decoding=\"async\" width=\"800\" height=\"600\" src=\"https:\/\/trendfurniture.ee\/wp-content\/uploads\/2022\/07\/motell6.jpg\" class=\"attachment-large\" alt=\"\" title=\"motell6\" srcset=\"https:\/\/trendfurniture.ee\/wp-content\/uploads\/2022\/07\/motell6.jpg 800w, https:\/\/trendfurniture.ee\/wp-content\/uploads\/2022\/07\/motell6-600x450.jpg 600w, https:\/\/trendfurniture.ee\/wp-content\/uploads\/2022\/07\/motell6-300x225.jpg 300w, https:\/\/trendfurniture.ee\/wp-content\/uploads\/2022\/07\/motell6-768x576.jpg 768w\" sizes=\"auto, (max-width: 800px) 100vw, 800px\" \/><\/a><\/li><li><a class=\"\" href=\"https:\/\/trendfurniture.ee\/wp-content\/uploads\/2022\/07\/motell7.jpg\" data-lightbox=\"lightbox[rel-5492-2325746028]\"><img loading=\"lazy\" decoding=\"async\" width=\"450\" height=\"600\" src=\"https:\/\/trendfurniture.ee\/wp-content\/uploads\/2022\/07\/motell7.jpg\" class=\"attachment-large\" alt=\"\" title=\"motell7\" srcset=\"https:\/\/trendfurniture.ee\/wp-content\/uploads\/2022\/07\/motell7.jpg 450w, https:\/\/trendfurniture.ee\/wp-content\/uploads\/2022\/07\/motell7-225x300.jpg 225w\" sizes=\"auto, (max-width: 450px) 100vw, 450px\" \/><\/a><\/li><li><a class=\"\" href=\"https:\/\/trendfurniture.ee\/wp-content\/uploads\/2022\/07\/motell4.jpg\" data-lightbox=\"lightbox[rel-5492-2325746028]\"><img loading=\"lazy\" decoding=\"async\" width=\"450\" height=\"600\" src=\"https:\/\/trendfurniture.ee\/wp-content\/uploads\/2022\/07\/motell4.jpg\" class=\"attachment-large\" alt=\"\" title=\"motell4\" srcset=\"https:\/\/trendfurniture.ee\/wp-content\/uploads\/2022\/07\/motell4.jpg 450w, https:\/\/trendfurniture.ee\/wp-content\/uploads\/2022\/07\/motell4-225x300.jpg 225w\" sizes=\"auto, (max-width: 450px) 100vw, 450px\" \/><\/a><\/li><li><a class=\"\" href=\"https:\/\/trendfurniture.ee\/wp-content\/uploads\/2022\/07\/motell5.jpg\" data-lightbox=\"lightbox[rel-5492-2325746028]\"><img loading=\"lazy\" decoding=\"async\" width=\"450\" height=\"600\" src=\"https:\/\/trendfurniture.ee\/wp-content\/uploads\/2022\/07\/motell5.jpg\" class=\"attachment-large\" alt=\"\" title=\"motell5\" srcset=\"https:\/\/trendfurniture.ee\/wp-content\/uploads\/2022\/07\/motell5.jpg 450w, https:\/\/trendfurniture.ee\/wp-content\/uploads\/2022\/07\/motell5-225x300.jpg 225w\" sizes=\"auto, (max-width: 450px) 100vw, 450px\" \/><\/a><\/li><li><a class=\"\" href=\"https:\/\/trendfurniture.ee\/wp-content\/uploads\/2022\/07\/motell3.jpg\" data-lightbox=\"lightbox[rel-5492-2325746028]\"><img loading=\"lazy\" decoding=\"async\" width=\"800\" height=\"600\" src=\"https:\/\/trendfurniture.ee\/wp-content\/uploads\/2022\/07\/motell3.jpg\" class=\"attachment-large\" alt=\"\" title=\"motell3\" srcset=\"https:\/\/trendfurniture.ee\/wp-content\/uploads\/2022\/07\/motell3.jpg 800w, https:\/\/trendfurniture.ee\/wp-content\/uploads\/2022\/07\/motell3-600x450.jpg 600w, https:\/\/trendfurniture.ee\/wp-content\/uploads\/2022\/07\/motell3-300x225.jpg 300w, https:\/\/trendfurniture.ee\/wp-content\/uploads\/2022\/07\/motell3-768x576.jpg 768w\" sizes=\"auto, (max-width: 800px) 100vw, 800px\" \/><\/a><\/li><li><a class=\"\" href=\"https:\/\/trendfurniture.ee\/wp-content\/uploads\/2022\/07\/motell2.jpg\" data-lightbox=\"lightbox[rel-5492-2325746028]\"><img loading=\"lazy\" decoding=\"async\" width=\"450\" height=\"600\" src=\"https:\/\/trendfurniture.ee\/wp-content\/uploads\/2022\/07\/motell2.jpg\" class=\"attachment-large\" alt=\"\" title=\"motell2\" srcset=\"https:\/\/trendfurniture.ee\/wp-content\/uploads\/2022\/07\/motell2.jpg 450w, https:\/\/trendfurniture.ee\/wp-content\/uploads\/2022\/07\/motell2-225x300.jpg 225w\" sizes=\"auto, (max-width: 450px) 100vw, 450px\" \/><\/a><\/li><li><a class=\"\" href=\"https:\/\/trendfurniture.ee\/wp-content\/uploads\/2022\/07\/motell1.jpg\" data-lightbox=\"lightbox[rel-5492-2325746028]\"><img loading=\"lazy\" decoding=\"async\" width=\"800\" height=\"600\" src=\"https:\/\/trendfurniture.ee\/wp-content\/uploads\/2022\/07\/motell1.jpg\" class=\"attachment-large\" alt=\"\" title=\"motell1\" srcset=\"https:\/\/trendfurniture.ee\/wp-content\/uploads\/2022\/07\/motell1.jpg 800w, https:\/\/trendfurniture.ee\/wp-content\/uploads\/2022\/07\/motell1-600x450.jpg 600w, https:\/\/trendfurniture.ee\/wp-content\/uploads\/2022\/07\/motell1-300x225.jpg 300w, https:\/\/trendfurniture.ee\/wp-content\/uploads\/2022\/07\/motell1-768x576.jpg 768w\" sizes=\"auto, (max-width: 800px) 100vw, 800px\" \/><\/a><\/li><\/ul><\/div><\/div><\/div><\/div><\/div><\/div><div class=\"wpb_column vc_column_container vc_col-sm-6\"><div class=\"vc_column-inner\"><div class=\"wpb_wrapper\"><\/div><\/div><\/div><\/div>\n","protected":false},"excerpt":{"rendered":"Trend Furniture O\u00dc tegeleb kvaliteetse, peamiselt Skandinaaviast saabunud, uue ja kasutatud m\u00f6\u00f6bli jae - ja hulgim\u00fc\u00fcgiga. Oleme suunanud enda p\u00f5hitegevuse majutusasutustele, kes otsivad kvaliteetset ja korralikku teise ringi m\u00f6\u00f6blit soodsama","protected":false},"author":1,"featured_media":0,"parent":0,"menu_order":0,"comment_status":"closed","ping_status":"closed","template":"","meta":{"_acf_changed":false,"footnotes":""},"class_list":["post-5492","page","type-page","status-publish","hentry"],"acf":[],"_links":{"self":[{"href":"https:\/\/trendfurniture.ee\/en\/wp-json\/wp\/v2\/pages\/5492","targetHints":{"allow":["GET"]}}],"collection":[{"href":"https:\/\/trendfurniture.ee\/en\/wp-json\/wp\/v2\/pages"}],"about":[{"href":"https:\/\/trendfurniture.ee\/en\/wp-json\/wp\/v2\/types\/page"}],"author":[{"embeddable":true,"href":"https:\/\/trendfurniture.ee\/en\/wp-json\/wp\/v2\/users\/1"}],"replies":[{"embeddable":true,"href":"https:\/\/trendfurniture.ee\/en\/wp-json\/wp\/v2\/comments?post=5492"}],"version-history":[{"count":5,"href":"https:\/\/trendfurniture.ee\/en\/wp-json\/wp\/v2\/pages\/5492\/revisions"}],"predecessor-version":[{"id":5513,"href":"https:\/\/trendfurniture.ee\/en\/wp-json\/wp\/v2\/pages\/5492\/revisions\/5513"}],"wp:attachment":[{"href":"https:\/\/trendfurniture.ee\/en\/wp-json\/wp\/v2\/media?parent=5492"}],"curies":[{"name":"wp","href":"https:\/\/api.w.org\/{rel}","templated":true}]}}