{"id":2844,"date":"2016-03-24T12:57:35","date_gmt":"2016-03-24T12:57:35","guid":{"rendered":"https:\/\/demo2.chethemes.com\/electro\/?page_id=2844"},"modified":"2022-07-02T04:00:36","modified_gmt":"2022-07-02T04:00:36","slug":"poe-kategooriad","status":"publish","type":"page","link":"https:\/\/trendfurniture.ee\/en\/poe-kategooriad\/","title":{"rendered":"Poe kategooriad"},"content":{"rendered":"<div class=\"electro-store-directory clearfix\">\n\t\t\t<hr class=\"no-margin\">\n\t\t\t<div class=\"widget woocommerce widget_product_categories\"><h2 class=\"widgettitle\">Product categories<\/h2><ul class=\"product-categories\"><li class=\"cat-item cat-item-45 cat-parent\"><a href=\"https:\/\/trendfurniture.ee\/en\/product-category\/antiikmoobel\/\">Antiikm\u00f6\u00f6bel<\/a><ul class='children'>\n<li class=\"cat-item cat-item-74\"><a href=\"https:\/\/trendfurniture.ee\/en\/product-category\/antiikmoobel\/diivanid-tugitoolid\/\">Diivanid ja tugitoolid<\/a><\/li>\n<li class=\"cat-item cat-item-59\"><a href=\"https:\/\/trendfurniture.ee\/en\/product-category\/antiikmoobel\/antiik-kapid-kummutid\/\">Kapid, kummutid<\/a><\/li>\n<li class=\"cat-item cat-item-239\"><a href=\"https:\/\/trendfurniture.ee\/en\/product-category\/antiikmoobel\/kirjutuslauad-ja-peeglilauad\/\">Kirjutuslauad, peeglilauad<\/a><\/li>\n<li class=\"cat-item cat-item-56\"><a href=\"https:\/\/trendfurniture.ee\/en\/product-category\/antiikmoobel\/lauad-lauakomplektid\/\">Lauad, lauakomplektid<\/a><\/li>\n<li class=\"cat-item cat-item-240\"><a href=\"https:\/\/trendfurniture.ee\/en\/product-category\/antiikmoobel\/ookapid-antiikmoobel\/\">\u00d6\u00f6kapid<\/a><\/li>\n<li class=\"cat-item cat-item-242\"><a href=\"https:\/\/trendfurniture.ee\/en\/product-category\/antiikmoobel\/riidekapid-antiikmoobel\/\">Riidekapid<\/a><\/li>\n<li class=\"cat-item cat-item-99\"><a href=\"https:\/\/trendfurniture.ee\/en\/product-category\/antiikmoobel\/toolid-ja-pingid\/\">Toolid, pingid<\/a><\/li>\n<li class=\"cat-item cat-item-173\"><a href=\"https:\/\/trendfurniture.ee\/en\/product-category\/antiikmoobel\/antiikvalgustid\/\">Valgustid<\/a><\/li>\n<li class=\"cat-item cat-item-81\"><a href=\"https:\/\/trendfurniture.ee\/en\/product-category\/antiikmoobel\/antiikpeeglid\/\">Varia<\/a><\/li>\n<li class=\"cat-item cat-item-107\"><a href=\"https:\/\/trendfurniture.ee\/en\/product-category\/antiikmoobel\/sooginoud-serviisid\/\">Vitriinid, puhvetid<\/a><\/li>\n<li class=\"cat-item cat-item-73\"><a href=\"https:\/\/trendfurniture.ee\/en\/product-category\/antiikmoobel\/voodid\/\">Voodid<\/a><\/li>\n<\/ul>\n<\/li>\n<li class=\"cat-item cat-item-134\"><a href=\"https:\/\/trendfurniture.ee\/en\/product-category\/esikumoobel\/\">Esikum\u00f6\u00f6bel<\/a><\/li>\n<li class=\"cat-item cat-item-237\"><a href=\"https:\/\/trendfurniture.ee\/en\/product-category\/peotelgi-rent\/\">Haagisel k\u00fcmblust\u00fcnni rent<\/a><\/li>\n<li class=\"cat-item cat-item-232\"><a href=\"https:\/\/trendfurniture.ee\/en\/product-category\/ilutulestik\/\">Ilutulestik<\/a><\/li>\n<li class=\"cat-item cat-item-76 cat-parent\"><a href=\"https:\/\/trendfurniture.ee\/en\/product-category\/kapid-kummutid\/\">Kapid ja kummutid<\/a><ul class='children'>\n<li class=\"cat-item cat-item-126\"><a href=\"https:\/\/trendfurniture.ee\/en\/product-category\/kapid-kummutid\/kummutid-kapid\/\">Kummutid, kapid<\/a><\/li>\n<li class=\"cat-item cat-item-180\"><a href=\"https:\/\/trendfurniture.ee\/en\/product-category\/kapid-kummutid\/ookapid\/\">\u00d6\u00f6kapid<\/a><\/li>\n<li class=\"cat-item cat-item-77\"><a href=\"https:\/\/trendfurniture.ee\/en\/product-category\/kapid-kummutid\/riidekapid\/\">Riidekapid<\/a><\/li>\n<li class=\"cat-item cat-item-241\"><a href=\"https:\/\/trendfurniture.ee\/en\/product-category\/kapid-kummutid\/riiulid\/\">Riiulid<\/a><\/li>\n<li class=\"cat-item cat-item-179\"><a href=\"https:\/\/trendfurniture.ee\/en\/product-category\/kapid-kummutid\/tv-alused\/\">TV alused<\/a><\/li>\n<li class=\"cat-item cat-item-108\"><a href=\"https:\/\/trendfurniture.ee\/en\/product-category\/kapid-kummutid\/vitriinkapid\/\">Vitriinkapid<\/a><\/li>\n<\/ul>\n<\/li>\n<li class=\"cat-item cat-item-82 cat-parent\"><a href=\"https:\/\/trendfurniture.ee\/en\/product-category\/kodusisustus\/\">Kodusisustus<\/a><ul class='children'>\n<li class=\"cat-item cat-item-101\"><a href=\"https:\/\/trendfurniture.ee\/en\/product-category\/kodusisustus\/kardinad\/\">Kardinad<\/a><\/li>\n<li class=\"cat-item cat-item-165\"><a href=\"https:\/\/trendfurniture.ee\/en\/product-category\/kodusisustus\/lauanoud\/\">Lauan\u00f5ud<\/a><\/li>\n<li class=\"cat-item cat-item-115\"><a href=\"https:\/\/trendfurniture.ee\/en\/product-category\/kodusisustus\/padjad-tekid\/\">Padjad, tekid<\/a><\/li>\n<li class=\"cat-item cat-item-169\"><a href=\"https:\/\/trendfurniture.ee\/en\/product-category\/kodusisustus\/peeglid\/\">Peeglid<\/a><\/li>\n<li class=\"cat-item cat-item-113\"><a href=\"https:\/\/trendfurniture.ee\/en\/product-category\/kodusisustus\/pudi-padi\/\">Pudi-padi<\/a><\/li>\n<li class=\"cat-item cat-item-155\"><a href=\"https:\/\/trendfurniture.ee\/en\/product-category\/kodusisustus\/seinapildid\/\">Seinapildid<\/a><\/li>\n<li class=\"cat-item cat-item-96\"><a href=\"https:\/\/trendfurniture.ee\/en\/product-category\/kodusisustus\/vaibad\/\">Vaibad<\/a><\/li>\n<li class=\"cat-item cat-item-171\"><a href=\"https:\/\/trendfurniture.ee\/en\/product-category\/kodusisustus\/valgustid\/\">Valgustid<\/a><\/li>\n<li class=\"cat-item cat-item-151\"><a href=\"https:\/\/trendfurniture.ee\/en\/product-category\/kodusisustus\/varia\/\">Varia<\/a><\/li>\n<\/ul>\n<\/li>\n<li class=\"cat-item cat-item-97\"><a href=\"https:\/\/trendfurniture.ee\/en\/product-category\/kodutehnika\/\">Kodutehnika<\/a><\/li>\n<li class=\"cat-item cat-item-71\"><a href=\"https:\/\/trendfurniture.ee\/en\/product-category\/kumblustunnid\/\">K\u00fcmblust\u00fcnnid<\/a><\/li>\n<li class=\"cat-item cat-item-54 cat-parent\"><a href=\"https:\/\/trendfurniture.ee\/en\/product-category\/lauad-toolid\/\">Lauad ja toolid<\/a><ul class='children'>\n<li class=\"cat-item cat-item-227\"><a href=\"https:\/\/trendfurniture.ee\/en\/product-category\/lauad-toolid\/diivani-serveerimis-lauad\/\">Diivani ja serveerimislauad<\/a><\/li>\n<li class=\"cat-item cat-item-160\"><a href=\"https:\/\/trendfurniture.ee\/en\/product-category\/lauad-toolid\/kirjutuslauad\/\">Kirjutuslauad<\/a><\/li>\n<li class=\"cat-item cat-item-103\"><a href=\"https:\/\/trendfurniture.ee\/en\/product-category\/lauad-toolid\/soogilauad-toolid-1\/\">Lauad, lauakomplektid<\/a><\/li>\n<li class=\"cat-item cat-item-102\"><a href=\"https:\/\/trendfurniture.ee\/en\/product-category\/lauad-toolid\/toolid\/\">Toolid, taburetid, pingid<\/a><\/li>\n<\/ul>\n<\/li>\n<li class=\"cat-item cat-item-245\"><a href=\"https:\/\/trendfurniture.ee\/en\/product-category\/moblifurnituur\/\">M\u00f6blifurnituur<\/a><\/li>\n<li class=\"cat-item cat-item-67\"><a href=\"https:\/\/trendfurniture.ee\/en\/product-category\/peenrakastid\/\">Peenrakastid<\/a><\/li>\n<li class=\"cat-item cat-item-60 cat-parent\"><a href=\"https:\/\/trendfurniture.ee\/en\/product-category\/pehme-moobel\/\">Pehme m\u00f6\u00f6bel<\/a><ul class='children'>\n<li class=\"cat-item cat-item-164\"><a href=\"https:\/\/trendfurniture.ee\/en\/product-category\/pehme-moobel\/diivanid\/\">Diivanid<\/a><\/li>\n<li class=\"cat-item cat-item-62\"><a href=\"https:\/\/trendfurniture.ee\/en\/product-category\/pehme-moobel\/diivanvoodid\/\">Diivanvoodid<\/a><\/li>\n<li class=\"cat-item cat-item-122\"><a href=\"https:\/\/trendfurniture.ee\/en\/product-category\/pehme-moobel\/jarid-tumbad\/\">J\u00e4rid ja tumbad<\/a><\/li>\n<li class=\"cat-item cat-item-231\"><a href=\"https:\/\/trendfurniture.ee\/en\/product-category\/pehme-moobel\/madratsid-kattemadratsid\/\">Madratsid, kattemadratsid<\/a><\/li>\n<li class=\"cat-item cat-item-94\"><a href=\"https:\/\/trendfurniture.ee\/en\/product-category\/pehme-moobel\/tugitoolid\/\">Tugitoolid<\/a><\/li>\n<li class=\"cat-item cat-item-229\"><a href=\"https:\/\/trendfurniture.ee\/en\/product-category\/pehme-moobel\/voodid-kusetid\/\">Voodid, ku\u0161etid<\/a><\/li>\n<li class=\"cat-item cat-item-230\"><a href=\"https:\/\/trendfurniture.ee\/en\/product-category\/pehme-moobel\/voodipaised\/\">Voodip\u00e4ised<\/a><\/li>\n<\/ul>\n<\/li>\n<li class=\"cat-item cat-item-55\"><a href=\"https:\/\/trendfurniture.ee\/en\/product-category\/terrassi-aiamoobel\/\">Terrassi ja aiam\u00f6\u00f6bel<\/a><\/li>\n<li class=\"cat-item cat-item-65\"><a href=\"https:\/\/trendfurniture.ee\/en\/product-category\/vannituba\/\">Vannituba<\/a><\/li>\n<\/ul><\/div>\t\t<\/div>","protected":false},"excerpt":{"rendered":"Product categoriesAntiikm\u00f6\u00f6bel Diivanid ja tugitoolid Kapid, kummutid Kirjutuslauad, peeglilauad Lauad, lauakomplektid \u00d6\u00f6kapid Riidekapid Toolid, pingid Valgustid Varia Vitriinid, puhvetid Voodid Esikum\u00f6\u00f6bel Haagisel k\u00fcmblust\u00fcnni rent Ilutulestik Kapid ja kummutid Kummutid, kapid","protected":false},"author":1,"featured_media":0,"parent":0,"menu_order":0,"comment_status":"closed","ping_status":"closed","template":"","meta":{"_acf_changed":false,"footnotes":""},"class_list":["post-2844","page","type-page","status-publish","hentry"],"acf":[],"_links":{"self":[{"href":"https:\/\/trendfurniture.ee\/en\/wp-json\/wp\/v2\/pages\/2844","targetHints":{"allow":["GET"]}}],"collection":[{"href":"https:\/\/trendfurniture.ee\/en\/wp-json\/wp\/v2\/pages"}],"about":[{"href":"https:\/\/trendfurniture.ee\/en\/wp-json\/wp\/v2\/types\/page"}],"author":[{"embeddable":true,"href":"https:\/\/trendfurniture.ee\/en\/wp-json\/wp\/v2\/users\/1"}],"replies":[{"embeddable":true,"href":"https:\/\/trendfurniture.ee\/en\/wp-json\/wp\/v2\/comments?post=2844"}],"version-history":[{"count":1,"href":"https:\/\/trendfurniture.ee\/en\/wp-json\/wp\/v2\/pages\/2844\/revisions"}],"predecessor-version":[{"id":5376,"href":"https:\/\/trendfurniture.ee\/en\/wp-json\/wp\/v2\/pages\/2844\/revisions\/5376"}],"wp:attachment":[{"href":"https:\/\/trendfurniture.ee\/en\/wp-json\/wp\/v2\/media?parent=2844"}],"curies":[{"name":"wp","href":"https:\/\/api.w.org\/{rel}","templated":true}]}}